{"id":1197,"date":"2016-12-08T10:55:57","date_gmt":"2016-12-08T09:55:57","guid":{"rendered":"https:\/\/datavernietigingmichel.be\/?page_id=1197&#038;lang=fr"},"modified":"2018-11-22T13:26:43","modified_gmt":"2018-11-22T12:26:43","slug":"postes-vacants","status":"publish","type":"page","link":"https:\/\/datavernietigingmichel.be\/fr\/postes-vacants\/","title":{"rendered":"Postes vacants"},"content":{"rendered":"<div id=\"pl-1197\"  class=\"panel-layout\" ><div id=\"pg-1197-0\"  class=\"panel-grid panel-no-style\" ><div id=\"pgc-1197-0-0\"  class=\"panel-grid-cell\" ><div id=\"panel-1197-0-0-0\" class=\"so-panel widget widget_sow-editor panel-first-child panel-last-child\" data-index=\"0\" ><div\n\t\t\t\n\t\t\tclass=\"so-widget-sow-editor so-widget-sow-editor-base\"\n\t\t\t\n\t\t>\n<div class=\"siteorigin-widget-tinymce textwidget\">\n\t<h2>CHAUFFEURS DE CAMIONS \u2013 permis C (H\/F)<\/h2>\n<p>Vous disposez d'un permis de conduire valable de cat\u00e9gorie C et vous \u00eates titulaire d'une carte de conducteur.<br \/>\nVous aimez apprendre, \u00eates orient\u00e9 client et aimez le travail en \u00e9quipe.<br \/>\nNous offrons : une ambiance de travail agr\u00e9able et familiale, des heures flexibles en concertation, des courses nationales principalement, des formations internes et externes, un parc automobile r\u00e9cent, un travail \u00e0 dur\u00e9e ind\u00e9termin\u00e9e apr\u00e8s une p\u00e9riode d'int\u00e9rim.<br \/>\nN'h\u00e9sitez pas \u00e0 solliciter le poste, adressez-vous \u00e0 Christ'l.<\/p>\n<p>Courriel : <strong>christl@oudpapiermichel.be<\/strong><\/p>\n<p>T\u00e9l\u00e9phone : <strong>03\/680.98.71<\/strong><\/p>\n<\/div>\n<\/div><\/div><\/div><\/div><\/div>","protected":false},"excerpt":{"rendered":"<p>CHAUFFEURS DE CAMIONS \u2013 permis C (H\/F) Vous disposez d&rsquo;un permis de conduire valable de cat\u00e9gorie C et vous \u00eates titulaire d&rsquo;une carte de conducteur. Vous aimez apprendre, \u00eates orient\u00e9 client et aimez le travail en \u00e9quipe. Nous offrons : une ambiance de travail agr\u00e9able et familiale, des heures flexibles en concertation, des courses nationales &hellip;<\/p>\n","protected":false},"author":1,"featured_media":0,"parent":0,"menu_order":0,"comment_status":"closed","ping_status":"closed","template":"","meta":{"footnotes":""},"yoast_head":"<!-- This site is optimized with the Yoast SEO plugin v24.5 - https:\/\/yoast.com\/wordpress\/plugins\/seo\/ -->\n<title>Postes vacants | Datavernietiging Michel<\/title>\n<meta name=\"robots\" content=\"index, follow, max-snippet:-1, max-image-preview:large, max-video-preview:-1\" \/>\n<link rel=\"canonical\" href=\"https:\/\/datavernietigingmichel.be\/fr\/postes-vacants\/\" \/>\n<meta property=\"og:locale\" content=\"fr_FR\" \/>\n<meta property=\"og:type\" content=\"article\" \/>\n<meta property=\"og:title\" content=\"Postes vacants | Datavernietiging Michel\" \/>\n<meta property=\"og:description\" content=\"CHAUFFEURS DE CAMIONS \u2013 permis C (H\/F) Vous disposez d&#039;un permis de conduire valable de cat\u00e9gorie C et vous \u00eates titulaire d&#039;une carte de conducteur. Vous aimez apprendre, \u00eates orient\u00e9 client et aimez le travail en \u00e9quipe. Nous offrons : une ambiance de travail agr\u00e9able et familiale, des heures flexibles en concertation, des courses nationales &hellip;\" \/>\n<meta property=\"og:url\" content=\"https:\/\/datavernietigingmichel.be\/fr\/postes-vacants\/\" \/>\n<meta property=\"og:site_name\" content=\"Datavernietiging Michel\" \/>\n<meta property=\"article:modified_time\" content=\"2018-11-22T12:26:43+00:00\" \/>\n<meta name=\"twitter:card\" content=\"summary_large_image\" \/>\n<script type=\"application\/ld+json\" class=\"yoast-schema-graph\">{\"@context\":\"https:\/\/schema.org\",\"@graph\":[{\"@type\":\"WebPage\",\"@id\":\"https:\/\/datavernietigingmichel.be\/fr\/postes-vacants\/\",\"url\":\"https:\/\/datavernietigingmichel.be\/fr\/postes-vacants\/\",\"name\":\"Postes vacants | Datavernietiging Michel\",\"isPartOf\":{\"@id\":\"https:\/\/datavernietigingmichel.be\/#website\"},\"datePublished\":\"2016-12-08T09:55:57+00:00\",\"dateModified\":\"2018-11-22T12:26:43+00:00\",\"breadcrumb\":{\"@id\":\"https:\/\/datavernietigingmichel.be\/fr\/postes-vacants\/#breadcrumb\"},\"inLanguage\":\"fr-FR\",\"potentialAction\":[{\"@type\":\"ReadAction\",\"target\":[\"https:\/\/datavernietigingmichel.be\/fr\/postes-vacants\/\"]}]},{\"@type\":\"BreadcrumbList\",\"@id\":\"https:\/\/datavernietigingmichel.be\/fr\/postes-vacants\/#breadcrumb\",\"itemListElement\":[{\"@type\":\"ListItem\",\"position\":1,\"name\":\"Home\",\"item\":\"https:\/\/datavernietigingmichel.be\/fr\/\"},{\"@type\":\"ListItem\",\"position\":2,\"name\":\"Postes vacants\"}]},{\"@type\":\"WebSite\",\"@id\":\"https:\/\/datavernietigingmichel.be\/#website\",\"url\":\"https:\/\/datavernietigingmichel.be\/\",\"name\":\"Datavernietiging Michel\",\"description\":\"Ophaling en vernietiging van datadragers\",\"potentialAction\":[{\"@type\":\"SearchAction\",\"target\":{\"@type\":\"EntryPoint\",\"urlTemplate\":\"https:\/\/datavernietigingmichel.be\/?s={search_term_string}\"},\"query-input\":{\"@type\":\"PropertyValueSpecification\",\"valueRequired\":true,\"valueName\":\"search_term_string\"}}],\"inLanguage\":\"fr-FR\"}]}<\/script>\n<!-- \/ Yoast SEO plugin. -->","yoast_head_json":{"title":"Postes vacants | Datavernietiging Michel","robots":{"index":"index","follow":"follow","max-snippet":"max-snippet:-1","max-image-preview":"max-image-preview:large","max-video-preview":"max-video-preview:-1"},"canonical":"https:\/\/datavernietigingmichel.be\/fr\/postes-vacants\/","og_locale":"fr_FR","og_type":"article","og_title":"Postes vacants | Datavernietiging Michel","og_description":"CHAUFFEURS DE CAMIONS \u2013 permis C (H\/F) Vous disposez d'un permis de conduire valable de cat\u00e9gorie C et vous \u00eates titulaire d'une carte de conducteur. Vous aimez apprendre, \u00eates orient\u00e9 client et aimez le travail en \u00e9quipe. Nous offrons : une ambiance de travail agr\u00e9able et familiale, des heures flexibles en concertation, des courses nationales &hellip;","og_url":"https:\/\/datavernietigingmichel.be\/fr\/postes-vacants\/","og_site_name":"Datavernietiging Michel","article_modified_time":"2018-11-22T12:26:43+00:00","twitter_card":"summary_large_image","schema":{"@context":"https:\/\/schema.org","@graph":[{"@type":"WebPage","@id":"https:\/\/datavernietigingmichel.be\/fr\/postes-vacants\/","url":"https:\/\/datavernietigingmichel.be\/fr\/postes-vacants\/","name":"Postes vacants | Datavernietiging Michel","isPartOf":{"@id":"https:\/\/datavernietigingmichel.be\/#website"},"datePublished":"2016-12-08T09:55:57+00:00","dateModified":"2018-11-22T12:26:43+00:00","breadcrumb":{"@id":"https:\/\/datavernietigingmichel.be\/fr\/postes-vacants\/#breadcrumb"},"inLanguage":"fr-FR","potentialAction":[{"@type":"ReadAction","target":["https:\/\/datavernietigingmichel.be\/fr\/postes-vacants\/"]}]},{"@type":"BreadcrumbList","@id":"https:\/\/datavernietigingmichel.be\/fr\/postes-vacants\/#breadcrumb","itemListElement":[{"@type":"ListItem","position":1,"name":"Home","item":"https:\/\/datavernietigingmichel.be\/fr\/"},{"@type":"ListItem","position":2,"name":"Postes vacants"}]},{"@type":"WebSite","@id":"https:\/\/datavernietigingmichel.be\/#website","url":"https:\/\/datavernietigingmichel.be\/","name":"Datavernietiging Michel","description":"Ophaling en vernietiging van datadragers","potentialAction":[{"@type":"SearchAction","target":{"@type":"EntryPoint","urlTemplate":"https:\/\/datavernietigingmichel.be\/?s={search_term_string}"},"query-input":{"@type":"PropertyValueSpecification","valueRequired":true,"valueName":"search_term_string"}}],"inLanguage":"fr-FR"}]}},"_links":{"self":[{"href":"https:\/\/datavernietigingmichel.be\/fr\/wp-json\/wp\/v2\/pages\/1197"}],"collection":[{"href":"https:\/\/datavernietigingmichel.be\/fr\/wp-json\/wp\/v2\/pages"}],"about":[{"href":"https:\/\/datavernietigingmichel.be\/fr\/wp-json\/wp\/v2\/types\/page"}],"author":[{"embeddable":true,"href":"https:\/\/datavernietigingmichel.be\/fr\/wp-json\/wp\/v2\/users\/1"}],"replies":[{"embeddable":true,"href":"https:\/\/datavernietigingmichel.be\/fr\/wp-json\/wp\/v2\/comments?post=1197"}],"version-history":[{"count":6,"href":"https:\/\/datavernietigingmichel.be\/fr\/wp-json\/wp\/v2\/pages\/1197\/revisions"}],"predecessor-version":[{"id":1498,"href":"https:\/\/datavernietigingmichel.be\/fr\/wp-json\/wp\/v2\/pages\/1197\/revisions\/1498"}],"wp:attachment":[{"href":"https:\/\/datavernietigingmichel.be\/fr\/wp-json\/wp\/v2\/media?parent=1197"}],"curies":[{"name":"wp","href":"https:\/\/api.w.org\/{rel}","templated":true}]}}