{"id":1190,"date":"2016-12-08T10:46:08","date_gmt":"2016-12-08T09:46:08","guid":{"rendered":"https:\/\/datavernietigingmichel.be\/?page_id=1190&#038;lang=fr"},"modified":"2016-12-08T12:04:15","modified_gmt":"2016-12-08T11:04:15","slug":"recyclage","status":"publish","type":"page","link":"https:\/\/datavernietigingmichel.be\/fr\/recyclage\/","title":{"rendered":"Recyclage"},"content":{"rendered":"<h2>Pas de d\u00e9chets, uniquement de la mati\u00e8re premi\u00e8re !<\/h2>\n<p>100% du papier enlev\u00e9 se retrouve dans nos d\u00e9p\u00f4ts de destruction, \u00e0 Anvers ou \u00e0 Bruxelles pour y \u00eatre d\u00e9truit, press\u00e9 et trait\u00e9. Ce processus ne g\u00e9n\u00e8re aucun d\u00e9chet. Le produit fini est int\u00e9gralement r\u00e9introduit aupr\u00e8s de nos clients aux quatre coins du monde. Saviez-vous que le produit de la destruction de vos archives est une importante mati\u00e8re premi\u00e8re pour la production de papier hygi\u00e9nique ?<br \/>\nVos supports de donn\u00e9es et mat\u00e9riel \u00e9lectronique sont d\u00e9truits et d\u00e9mantel\u00e9s avec le plus grand soin. Les fractions qui r\u00e9sultent de ce processus sont, elles aussi, int\u00e9gralement r\u00e9introduites sous forme de mati\u00e8re premi\u00e8re pour de nombreuses applications. Travailler avec \u00ab Datavernietiging Michel \u00bb, c&rsquo;est aussi penser \u00e0 l&rsquo;environnement !<\/p>\n","protected":false},"excerpt":{"rendered":"<p>Pas de d\u00e9chets, uniquement de la mati\u00e8re premi\u00e8re ! 100% du papier enlev\u00e9 se retrouve dans nos d\u00e9p\u00f4ts de destruction, \u00e0 Anvers ou \u00e0 Bruxelles pour y \u00eatre d\u00e9truit, press\u00e9 et trait\u00e9. Ce processus ne g\u00e9n\u00e8re aucun d\u00e9chet. Le produit fini est int\u00e9gralement r\u00e9introduit aupr\u00e8s de nos clients aux quatre coins du monde. Saviez-vous que &hellip;<\/p>\n","protected":false},"author":1,"featured_media":1396,"parent":0,"menu_order":0,"comment_status":"closed","ping_status":"closed","template":"","meta":{"footnotes":""},"yoast_head":"<!-- This site is optimized with the Yoast SEO plugin v24.5 - https:\/\/yoast.com\/wordpress\/plugins\/seo\/ -->\n<title>Recyclage | Datavernietiging Michel<\/title>\n<meta name=\"robots\" content=\"index, follow, max-snippet:-1, max-image-preview:large, max-video-preview:-1\" \/>\n<link rel=\"canonical\" href=\"https:\/\/datavernietigingmichel.be\/recyclage\/\" \/>\n<meta property=\"og:locale\" content=\"fr_FR\" \/>\n<meta property=\"og:type\" content=\"article\" \/>\n<meta property=\"og:title\" content=\"Recyclage | Datavernietiging Michel\" \/>\n<meta property=\"og:description\" content=\"Pas de d\u00e9chets, uniquement de la mati\u00e8re premi\u00e8re ! 100% du papier enlev\u00e9 se retrouve dans nos d\u00e9p\u00f4ts de destruction, \u00e0 Anvers ou \u00e0 Bruxelles pour y \u00eatre d\u00e9truit, press\u00e9 et trait\u00e9. Ce processus ne g\u00e9n\u00e8re aucun d\u00e9chet. Le produit fini est int\u00e9gralement r\u00e9introduit aupr\u00e8s de nos clients aux quatre coins du monde. Saviez-vous que &hellip;\" \/>\n<meta property=\"og:url\" content=\"https:\/\/datavernietigingmichel.be\/recyclage\/\" \/>\n<meta property=\"og:site_name\" content=\"Datavernietiging Michel\" \/>\n<meta property=\"article:modified_time\" content=\"2016-12-08T11:04:15+00:00\" \/>\n<meta property=\"og:image\" content=\"https:\/\/datavernietigingmichel.be\/wp-content\/uploads\/2016\/10\/earth-661447_1920.jpg\" \/>\n\t<meta property=\"og:image:width\" content=\"1920\" \/>\n\t<meta property=\"og:image:height\" content=\"1280\" \/>\n\t<meta property=\"og:image:type\" content=\"image\/jpeg\" \/>\n<meta name=\"twitter:card\" content=\"summary_large_image\" \/>\n<meta name=\"twitter:label1\" content=\"Dur\u00e9e de lecture estim\u00e9e\" \/>\n\t<meta name=\"twitter:data1\" content=\"1 minute\" \/>\n<script type=\"application\/ld+json\" class=\"yoast-schema-graph\">{\"@context\":\"https:\/\/schema.org\",\"@graph\":[{\"@type\":\"WebPage\",\"@id\":\"https:\/\/datavernietigingmichel.be\/recyclage\/\",\"url\":\"https:\/\/datavernietigingmichel.be\/recyclage\/\",\"name\":\"Recyclage | Datavernietiging Michel\",\"isPartOf\":{\"@id\":\"https:\/\/datavernietigingmichel.be\/#website\"},\"primaryImageOfPage\":{\"@id\":\"https:\/\/datavernietigingmichel.be\/recyclage\/#primaryimage\"},\"image\":{\"@id\":\"https:\/\/datavernietigingmichel.be\/recyclage\/#primaryimage\"},\"thumbnailUrl\":\"https:\/\/datavernietigingmichel.be\/wp-content\/uploads\/2016\/10\/earth-661447_1920.jpg\",\"datePublished\":\"2016-12-08T09:46:08+00:00\",\"dateModified\":\"2016-12-08T11:04:15+00:00\",\"breadcrumb\":{\"@id\":\"https:\/\/datavernietigingmichel.be\/recyclage\/#breadcrumb\"},\"inLanguage\":\"fr-FR\",\"potentialAction\":[{\"@type\":\"ReadAction\",\"target\":[\"https:\/\/datavernietigingmichel.be\/recyclage\/\"]}]},{\"@type\":\"ImageObject\",\"inLanguage\":\"fr-FR\",\"@id\":\"https:\/\/datavernietigingmichel.be\/recyclage\/#primaryimage\",\"url\":\"https:\/\/datavernietigingmichel.be\/wp-content\/uploads\/2016\/10\/earth-661447_1920.jpg\",\"contentUrl\":\"https:\/\/datavernietigingmichel.be\/wp-content\/uploads\/2016\/10\/earth-661447_1920.jpg\",\"width\":1920,\"height\":1280},{\"@type\":\"BreadcrumbList\",\"@id\":\"https:\/\/datavernietigingmichel.be\/recyclage\/#breadcrumb\",\"itemListElement\":[{\"@type\":\"ListItem\",\"position\":1,\"name\":\"Home\",\"item\":\"https:\/\/datavernietigingmichel.be\/fr\/\"},{\"@type\":\"ListItem\",\"position\":2,\"name\":\"Recyclage\"}]},{\"@type\":\"WebSite\",\"@id\":\"https:\/\/datavernietigingmichel.be\/#website\",\"url\":\"https:\/\/datavernietigingmichel.be\/\",\"name\":\"Datavernietiging Michel\",\"description\":\"Ophaling en vernietiging van datadragers\",\"potentialAction\":[{\"@type\":\"SearchAction\",\"target\":{\"@type\":\"EntryPoint\",\"urlTemplate\":\"https:\/\/datavernietigingmichel.be\/?s={search_term_string}\"},\"query-input\":{\"@type\":\"PropertyValueSpecification\",\"valueRequired\":true,\"valueName\":\"search_term_string\"}}],\"inLanguage\":\"fr-FR\"}]}<\/script>\n<!-- \/ Yoast SEO plugin. -->","yoast_head_json":{"title":"Recyclage | Datavernietiging Michel","robots":{"index":"index","follow":"follow","max-snippet":"max-snippet:-1","max-image-preview":"max-image-preview:large","max-video-preview":"max-video-preview:-1"},"canonical":"https:\/\/datavernietigingmichel.be\/recyclage\/","og_locale":"fr_FR","og_type":"article","og_title":"Recyclage | Datavernietiging Michel","og_description":"Pas de d\u00e9chets, uniquement de la mati\u00e8re premi\u00e8re ! 100% du papier enlev\u00e9 se retrouve dans nos d\u00e9p\u00f4ts de destruction, \u00e0 Anvers ou \u00e0 Bruxelles pour y \u00eatre d\u00e9truit, press\u00e9 et trait\u00e9. Ce processus ne g\u00e9n\u00e8re aucun d\u00e9chet. Le produit fini est int\u00e9gralement r\u00e9introduit aupr\u00e8s de nos clients aux quatre coins du monde. Saviez-vous que &hellip;","og_url":"https:\/\/datavernietigingmichel.be\/recyclage\/","og_site_name":"Datavernietiging Michel","article_modified_time":"2016-12-08T11:04:15+00:00","og_image":[{"width":1920,"height":1280,"url":"https:\/\/datavernietigingmichel.be\/wp-content\/uploads\/2016\/10\/earth-661447_1920.jpg","type":"image\/jpeg"}],"twitter_card":"summary_large_image","twitter_misc":{"Dur\u00e9e de lecture estim\u00e9e":"1 minute"},"schema":{"@context":"https:\/\/schema.org","@graph":[{"@type":"WebPage","@id":"https:\/\/datavernietigingmichel.be\/recyclage\/","url":"https:\/\/datavernietigingmichel.be\/recyclage\/","name":"Recyclage | Datavernietiging Michel","isPartOf":{"@id":"https:\/\/datavernietigingmichel.be\/#website"},"primaryImageOfPage":{"@id":"https:\/\/datavernietigingmichel.be\/recyclage\/#primaryimage"},"image":{"@id":"https:\/\/datavernietigingmichel.be\/recyclage\/#primaryimage"},"thumbnailUrl":"https:\/\/datavernietigingmichel.be\/wp-content\/uploads\/2016\/10\/earth-661447_1920.jpg","datePublished":"2016-12-08T09:46:08+00:00","dateModified":"2016-12-08T11:04:15+00:00","breadcrumb":{"@id":"https:\/\/datavernietigingmichel.be\/recyclage\/#breadcrumb"},"inLanguage":"fr-FR","potentialAction":[{"@type":"ReadAction","target":["https:\/\/datavernietigingmichel.be\/recyclage\/"]}]},{"@type":"ImageObject","inLanguage":"fr-FR","@id":"https:\/\/datavernietigingmichel.be\/recyclage\/#primaryimage","url":"https:\/\/datavernietigingmichel.be\/wp-content\/uploads\/2016\/10\/earth-661447_1920.jpg","contentUrl":"https:\/\/datavernietigingmichel.be\/wp-content\/uploads\/2016\/10\/earth-661447_1920.jpg","width":1920,"height":1280},{"@type":"BreadcrumbList","@id":"https:\/\/datavernietigingmichel.be\/recyclage\/#breadcrumb","itemListElement":[{"@type":"ListItem","position":1,"name":"Home","item":"https:\/\/datavernietigingmichel.be\/fr\/"},{"@type":"ListItem","position":2,"name":"Recyclage"}]},{"@type":"WebSite","@id":"https:\/\/datavernietigingmichel.be\/#website","url":"https:\/\/datavernietigingmichel.be\/","name":"Datavernietiging Michel","description":"Ophaling en vernietiging van datadragers","potentialAction":[{"@type":"SearchAction","target":{"@type":"EntryPoint","urlTemplate":"https:\/\/datavernietigingmichel.be\/?s={search_term_string}"},"query-input":{"@type":"PropertyValueSpecification","valueRequired":true,"valueName":"search_term_string"}}],"inLanguage":"fr-FR"}]}},"_links":{"self":[{"href":"https:\/\/datavernietigingmichel.be\/fr\/wp-json\/wp\/v2\/pages\/1190"}],"collection":[{"href":"https:\/\/datavernietigingmichel.be\/fr\/wp-json\/wp\/v2\/pages"}],"about":[{"href":"https:\/\/datavernietigingmichel.be\/fr\/wp-json\/wp\/v2\/types\/page"}],"author":[{"embeddable":true,"href":"https:\/\/datavernietigingmichel.be\/fr\/wp-json\/wp\/v2\/users\/1"}],"replies":[{"embeddable":true,"href":"https:\/\/datavernietigingmichel.be\/fr\/wp-json\/wp\/v2\/comments?post=1190"}],"version-history":[{"count":2,"href":"https:\/\/datavernietigingmichel.be\/fr\/wp-json\/wp\/v2\/pages\/1190\/revisions"}],"predecessor-version":[{"id":1265,"href":"https:\/\/datavernietigingmichel.be\/fr\/wp-json\/wp\/v2\/pages\/1190\/revisions\/1265"}],"wp:featuredmedia":[{"embeddable":true,"href":"https:\/\/datavernietigingmichel.be\/fr\/wp-json\/wp\/v2\/media\/1396"}],"wp:attachment":[{"href":"https:\/\/datavernietigingmichel.be\/fr\/wp-json\/wp\/v2\/media?parent=1190"}],"curies":[{"name":"wp","href":"https:\/\/api.w.org\/{rel}","templated":true}]}}