{"id":1188,"date":"2016-12-08T10:44:44","date_gmt":"2016-12-08T09:44:44","guid":{"rendered":"https:\/\/datavernietigingmichel.be\/?page_id=1188&#038;lang=fr"},"modified":"2018-11-22T13:30:40","modified_gmt":"2018-11-22T12:30:40","slug":"destruction-en-temps-reel","status":"publish","type":"page","link":"https:\/\/datavernietigingmichel.be\/fr\/destruction-de-donnees\/destruction-en-temps-reel\/","title":{"rendered":"Destruction en temps r\u00e9el"},"content":{"rendered":"<div id=\"pl-1188\"  class=\"panel-layout\" ><div id=\"pg-1188-0\"  class=\"panel-grid panel-no-style\" ><div id=\"pgc-1188-0-0\"  class=\"panel-grid-cell\" ><div id=\"panel-1188-0-0-0\" class=\"so-panel widget widget_sow-editor panel-first-child panel-last-child\" data-index=\"0\" ><div\n\t\t\t\n\t\t\tclass=\"so-widget-sow-editor so-widget-sow-editor-base\"\n\t\t\t\n\t\t><h3 class=\"widget-title\"><span class=\"widget-title__inline\">Destruction en temps r\u00e9el<\/span><\/h3>\n<div class=\"siteorigin-widget-tinymce textwidget\">\n\t<p>Vous pouvez assister \u00e0 la destruction de vos archives en temps r\u00e9el et \u00e0 distance. Voici la proc\u00e9dure :<\/p>\n<ul>\n<li>Le camion effectue le chargement chez le client.<\/li>\n<li>Le camion est scell\u00e9 avec, par exemple, un cadenas num\u00e9rot\u00e9.<\/li>\n<li>Le camion transporte les archives jusqu'au d\u00e9p\u00f4t de destruction.<\/li>\n<li>Nous prenons contact avec le client et lui fournissons un identifiant et un mot de passe pour qu\u2019il puisse se connecter \u00e0 nos serveurs. <\/li>\n<li>Le client voit (en ligne) le camion contenant ses archives dans notre d\u00e9p\u00f4t de destruction.<\/li>\n<li>La destruction peut commencer sous la supervision (en ligne) du client.<\/li>\n<\/ul>\n<h3>Votre destruction en temps r\u00e9el<\/h3>\n<p>Identifiez-vous pour avoir acc\u00e8s \u00e0 vos images :<\/p>\n<p><a href=\"http:\/\/mail.oudpapiermichel.be\" target=\"_blank\">Cliquez ici pour Anvers<\/a> - \u00a0 <a href=\"http:\/\/dvm.viewnetcam.com\" target=\"_blank\">Cliquez ici pour Bruxelles <\/a><\/p>\n<p><em>Actuellement le syst\u00e8me n'est pris en charge que par Internet Explorer 5.0 ou ult\u00e9rieur.<br \/>\n<\/em><\/p>\n<\/div>\n<\/div><\/div><\/div><\/div><\/div>","protected":false},"excerpt":{"rendered":"<p>Vous pouvez assister \u00e0 la destruction de vos archives en temps r\u00e9el et \u00e0 distance. Voici la proc\u00e9dure : Le camion effectue le chargement chez le client. Le camion est scell\u00e9 avec, par exemple, un cadenas num\u00e9rot\u00e9. Le camion transporte les archives jusqu&rsquo;au d\u00e9p\u00f4t de destruction. Nous prenons contact avec le client et lui fournissons &hellip;<\/p>\n","protected":false},"author":1,"featured_media":1362,"parent":1177,"menu_order":0,"comment_status":"closed","ping_status":"closed","template":"","meta":{"footnotes":""},"yoast_head":"<!-- This site is optimized with the Yoast SEO plugin v24.5 - https:\/\/yoast.com\/wordpress\/plugins\/seo\/ -->\n<title>Destruction en temps r\u00e9el | Datavernietiging Michel<\/title>\n<meta name=\"robots\" content=\"index, follow, max-snippet:-1, max-image-preview:large, max-video-preview:-1\" \/>\n<link rel=\"canonical\" href=\"https:\/\/datavernietigingmichel.be\/datavernietiging\/real-time\/\" \/>\n<meta property=\"og:locale\" content=\"fr_FR\" \/>\n<meta property=\"og:type\" content=\"article\" \/>\n<meta property=\"og:title\" content=\"Destruction en temps r\u00e9el | Datavernietiging Michel\" \/>\n<meta property=\"og:description\" content=\"Vous pouvez assister \u00e0 la destruction de vos archives en temps r\u00e9el et \u00e0 distance. Voici la proc\u00e9dure : Le camion effectue le chargement chez le client. Le camion est scell\u00e9 avec, par exemple, un cadenas num\u00e9rot\u00e9. Le camion transporte les archives jusqu&#039;au d\u00e9p\u00f4t de destruction. Nous prenons contact avec le client et lui fournissons &hellip;\" \/>\n<meta property=\"og:url\" content=\"https:\/\/datavernietigingmichel.be\/datavernietiging\/real-time\/\" \/>\n<meta property=\"og:site_name\" content=\"Datavernietiging Michel\" \/>\n<meta property=\"article:modified_time\" content=\"2018-11-22T12:30:40+00:00\" \/>\n<meta property=\"og:image\" content=\"https:\/\/datavernietigingmichel.be\/wp-content\/uploads\/2016\/08\/img_4689.jpg\" \/>\n\t<meta property=\"og:image:width\" content=\"232\" \/>\n\t<meta property=\"og:image:height\" content=\"174\" \/>\n\t<meta property=\"og:image:type\" content=\"image\/jpeg\" \/>\n<meta name=\"twitter:card\" content=\"summary_large_image\" \/>\n<meta name=\"twitter:label1\" content=\"Dur\u00e9e de lecture estim\u00e9e\" \/>\n\t<meta name=\"twitter:data1\" content=\"1 minute\" \/>\n<script type=\"application\/ld+json\" class=\"yoast-schema-graph\">{\"@context\":\"https:\/\/schema.org\",\"@graph\":[{\"@type\":\"WebPage\",\"@id\":\"https:\/\/datavernietigingmichel.be\/datavernietiging\/real-time\/\",\"url\":\"https:\/\/datavernietigingmichel.be\/datavernietiging\/real-time\/\",\"name\":\"Destruction en temps r\u00e9el | Datavernietiging Michel\",\"isPartOf\":{\"@id\":\"https:\/\/datavernietigingmichel.be\/#website\"},\"primaryImageOfPage\":{\"@id\":\"https:\/\/datavernietigingmichel.be\/datavernietiging\/real-time\/#primaryimage\"},\"image\":{\"@id\":\"https:\/\/datavernietigingmichel.be\/datavernietiging\/real-time\/#primaryimage\"},\"thumbnailUrl\":\"https:\/\/datavernietigingmichel.be\/wp-content\/uploads\/2016\/08\/img_4689.jpg\",\"datePublished\":\"2016-12-08T09:44:44+00:00\",\"dateModified\":\"2018-11-22T12:30:40+00:00\",\"breadcrumb\":{\"@id\":\"https:\/\/datavernietigingmichel.be\/datavernietiging\/real-time\/#breadcrumb\"},\"inLanguage\":\"fr-FR\",\"potentialAction\":[{\"@type\":\"ReadAction\",\"target\":[\"https:\/\/datavernietigingmichel.be\/datavernietiging\/real-time\/\"]}]},{\"@type\":\"ImageObject\",\"inLanguage\":\"fr-FR\",\"@id\":\"https:\/\/datavernietigingmichel.be\/datavernietiging\/real-time\/#primaryimage\",\"url\":\"https:\/\/datavernietigingmichel.be\/wp-content\/uploads\/2016\/08\/img_4689.jpg\",\"contentUrl\":\"https:\/\/datavernietigingmichel.be\/wp-content\/uploads\/2016\/08\/img_4689.jpg\",\"width\":232,\"height\":174},{\"@type\":\"BreadcrumbList\",\"@id\":\"https:\/\/datavernietigingmichel.be\/datavernietiging\/real-time\/#breadcrumb\",\"itemListElement\":[{\"@type\":\"ListItem\",\"position\":1,\"name\":\"Home\",\"item\":\"https:\/\/datavernietigingmichel.be\/fr\/\"},{\"@type\":\"ListItem\",\"position\":2,\"name\":\"Destruction de donn\u00e9es\",\"item\":\"https:\/\/datavernietigingmichel.be\/datavernietiging\/\"},{\"@type\":\"ListItem\",\"position\":3,\"name\":\"Destruction en temps r\u00e9el\"}]},{\"@type\":\"WebSite\",\"@id\":\"https:\/\/datavernietigingmichel.be\/#website\",\"url\":\"https:\/\/datavernietigingmichel.be\/\",\"name\":\"Datavernietiging Michel\",\"description\":\"Ophaling en vernietiging van datadragers\",\"potentialAction\":[{\"@type\":\"SearchAction\",\"target\":{\"@type\":\"EntryPoint\",\"urlTemplate\":\"https:\/\/datavernietigingmichel.be\/?s={search_term_string}\"},\"query-input\":{\"@type\":\"PropertyValueSpecification\",\"valueRequired\":true,\"valueName\":\"search_term_string\"}}],\"inLanguage\":\"fr-FR\"}]}<\/script>\n<!-- \/ Yoast SEO plugin. -->","yoast_head_json":{"title":"Destruction en temps r\u00e9el | Datavernietiging Michel","robots":{"index":"index","follow":"follow","max-snippet":"max-snippet:-1","max-image-preview":"max-image-preview:large","max-video-preview":"max-video-preview:-1"},"canonical":"https:\/\/datavernietigingmichel.be\/datavernietiging\/real-time\/","og_locale":"fr_FR","og_type":"article","og_title":"Destruction en temps r\u00e9el | Datavernietiging Michel","og_description":"Vous pouvez assister \u00e0 la destruction de vos archives en temps r\u00e9el et \u00e0 distance. Voici la proc\u00e9dure : Le camion effectue le chargement chez le client. Le camion est scell\u00e9 avec, par exemple, un cadenas num\u00e9rot\u00e9. Le camion transporte les archives jusqu'au d\u00e9p\u00f4t de destruction. Nous prenons contact avec le client et lui fournissons &hellip;","og_url":"https:\/\/datavernietigingmichel.be\/datavernietiging\/real-time\/","og_site_name":"Datavernietiging Michel","article_modified_time":"2018-11-22T12:30:40+00:00","og_image":[{"width":232,"height":174,"url":"https:\/\/datavernietigingmichel.be\/wp-content\/uploads\/2016\/08\/img_4689.jpg","type":"image\/jpeg"}],"twitter_card":"summary_large_image","twitter_misc":{"Dur\u00e9e de lecture estim\u00e9e":"1 minute"},"schema":{"@context":"https:\/\/schema.org","@graph":[{"@type":"WebPage","@id":"https:\/\/datavernietigingmichel.be\/datavernietiging\/real-time\/","url":"https:\/\/datavernietigingmichel.be\/datavernietiging\/real-time\/","name":"Destruction en temps r\u00e9el | Datavernietiging Michel","isPartOf":{"@id":"https:\/\/datavernietigingmichel.be\/#website"},"primaryImageOfPage":{"@id":"https:\/\/datavernietigingmichel.be\/datavernietiging\/real-time\/#primaryimage"},"image":{"@id":"https:\/\/datavernietigingmichel.be\/datavernietiging\/real-time\/#primaryimage"},"thumbnailUrl":"https:\/\/datavernietigingmichel.be\/wp-content\/uploads\/2016\/08\/img_4689.jpg","datePublished":"2016-12-08T09:44:44+00:00","dateModified":"2018-11-22T12:30:40+00:00","breadcrumb":{"@id":"https:\/\/datavernietigingmichel.be\/datavernietiging\/real-time\/#breadcrumb"},"inLanguage":"fr-FR","potentialAction":[{"@type":"ReadAction","target":["https:\/\/datavernietigingmichel.be\/datavernietiging\/real-time\/"]}]},{"@type":"ImageObject","inLanguage":"fr-FR","@id":"https:\/\/datavernietigingmichel.be\/datavernietiging\/real-time\/#primaryimage","url":"https:\/\/datavernietigingmichel.be\/wp-content\/uploads\/2016\/08\/img_4689.jpg","contentUrl":"https:\/\/datavernietigingmichel.be\/wp-content\/uploads\/2016\/08\/img_4689.jpg","width":232,"height":174},{"@type":"BreadcrumbList","@id":"https:\/\/datavernietigingmichel.be\/datavernietiging\/real-time\/#breadcrumb","itemListElement":[{"@type":"ListItem","position":1,"name":"Home","item":"https:\/\/datavernietigingmichel.be\/fr\/"},{"@type":"ListItem","position":2,"name":"Destruction de donn\u00e9es","item":"https:\/\/datavernietigingmichel.be\/datavernietiging\/"},{"@type":"ListItem","position":3,"name":"Destruction en temps r\u00e9el"}]},{"@type":"WebSite","@id":"https:\/\/datavernietigingmichel.be\/#website","url":"https:\/\/datavernietigingmichel.be\/","name":"Datavernietiging Michel","description":"Ophaling en vernietiging van datadragers","potentialAction":[{"@type":"SearchAction","target":{"@type":"EntryPoint","urlTemplate":"https:\/\/datavernietigingmichel.be\/?s={search_term_string}"},"query-input":{"@type":"PropertyValueSpecification","valueRequired":true,"valueName":"search_term_string"}}],"inLanguage":"fr-FR"}]}},"_links":{"self":[{"href":"https:\/\/datavernietigingmichel.be\/fr\/wp-json\/wp\/v2\/pages\/1188"}],"collection":[{"href":"https:\/\/datavernietigingmichel.be\/fr\/wp-json\/wp\/v2\/pages"}],"about":[{"href":"https:\/\/datavernietigingmichel.be\/fr\/wp-json\/wp\/v2\/types\/page"}],"author":[{"embeddable":true,"href":"https:\/\/datavernietigingmichel.be\/fr\/wp-json\/wp\/v2\/users\/1"}],"replies":[{"embeddable":true,"href":"https:\/\/datavernietigingmichel.be\/fr\/wp-json\/wp\/v2\/comments?post=1188"}],"version-history":[{"count":3,"href":"https:\/\/datavernietigingmichel.be\/fr\/wp-json\/wp\/v2\/pages\/1188\/revisions"}],"predecessor-version":[{"id":1500,"href":"https:\/\/datavernietigingmichel.be\/fr\/wp-json\/wp\/v2\/pages\/1188\/revisions\/1500"}],"up":[{"embeddable":true,"href":"https:\/\/datavernietigingmichel.be\/fr\/wp-json\/wp\/v2\/pages\/1177"}],"wp:featuredmedia":[{"embeddable":true,"href":"https:\/\/datavernietigingmichel.be\/fr\/wp-json\/wp\/v2\/media\/1362"}],"wp:attachment":[{"href":"https:\/\/datavernietigingmichel.be\/fr\/wp-json\/wp\/v2\/media?parent=1188"}],"curies":[{"name":"wp","href":"https:\/\/api.w.org\/{rel}","templated":true}]}}