{"id":1183,"date":"2016-12-08T10:19:48","date_gmt":"2016-12-08T09:19:48","guid":{"rendered":"https:\/\/datavernietigingmichel.be\/?page_id=1183&#038;lang=fr"},"modified":"2018-11-22T13:28:33","modified_gmt":"2018-11-22T12:28:33","slug":"archieven-en-datadragers","status":"publish","type":"page","link":"https:\/\/datavernietigingmichel.be\/fr\/destruction-de-donnees\/archieven-en-datadragers\/","title":{"rendered":"Archives et supports de donn\u00e9es"},"content":{"rendered":"<div id=\"pl-1183\"  class=\"panel-layout\" ><div id=\"pg-1183-0\"  class=\"panel-grid panel-no-style\" ><div id=\"pgc-1183-0-0\"  class=\"panel-grid-cell\" ><div id=\"panel-1183-0-0-0\" class=\"so-panel widget widget_sow-editor panel-first-child panel-last-child\" data-index=\"0\" ><div\n\t\t\t\n\t\t\tclass=\"so-widget-sow-editor so-widget-sow-editor-base\"\n\t\t\t\n\t\t>\n<div class=\"siteorigin-widget-tinymce textwidget\">\n\t<p>Nous proposons des solutions sur mesure, de 1 kg \u00e0 diff\u00e9rentes tailles de conteneurs.<\/p>\n<p>Nous d\u00e9truisons si n\u00e9cessaire, conform\u00e9ment aux normes les plus \u00e9lev\u00e9es.<\/p>\n<p>Consultez les \u00ab <a href=\"https:\/\/datavernietigingmichel.be\/wp-content\/uploads\/2017\/03\/HSD-Destruction-Security-Levels-DIN-66399-002.pdf\">normes de destruction HSD<\/a> \u00bb (seulement en N\u00e9erlandais)<\/p>\n<p>Apr\u00e8s destruction, les rognures de papier sont r\u00e9introduites sous forme de mati\u00e8re premi\u00e8re dans l'industrie de transformation du papier. Ainsi, votre entreprise aussi contribue \u00e0 la pr\u00e9servation de l'environnement.<\/p>\n<h2>Exemples de supports de donn\u00e9es<\/h2>\n<p>Voici quelques exemples de produits que nous d\u00e9truisons.<br \/>\nNous d\u00e9truisons aussi les cassettes, logiciels, cd, ...<\/p>\n<div id=\"contact\" class=\"span-6 last\">\n<p>Contactez-nous et recevez une offre end\u00e9ans les 24 heures !<\/p>\n<p><img loading=\"lazy\" decoding=\"async\" class=\"alignnone size-full wp-image-929\" src=\"https:\/\/datavernietigingmichel.be\/wp-content\/uploads\/2016\/08\/s.jpg\" alt=\"-s\" width=\"200\" height=\"150\" \/><\/p>\n<p><img loading=\"lazy\" decoding=\"async\" class=\"alignnone wp-image-1149\" src=\"https:\/\/datavernietigingmichel.be\/wp-content\/uploads\/2016\/08\/286px-Sony_Voice_Recorder_with_Micro_Cassettes.jpg\" alt=\"286px-Sony_Voice_Recorder_with_Micro_Cassettes\" width=\"204\" height=\"171\" \/><\/p>\n<p><img loading=\"lazy\" decoding=\"async\" class=\"alignnone wp-image-1150\" src=\"https:\/\/datavernietigingmichel.be\/wp-content\/uploads\/2016\/08\/Obsolete_CDs-300x225.jpg\" alt=\"vernietiging van cds\" width=\"200\" height=\"150\" srcset=\"https:\/\/datavernietigingmichel.be\/wp-content\/uploads\/2016\/08\/Obsolete_CDs-300x225.jpg 300w, https:\/\/datavernietigingmichel.be\/wp-content\/uploads\/2016\/08\/Obsolete_CDs-768x576.jpg 768w, https:\/\/datavernietigingmichel.be\/wp-content\/uploads\/2016\/08\/Obsolete_CDs.jpg 1024w, https:\/\/datavernietigingmichel.be\/wp-content\/uploads\/2016\/08\/Obsolete_CDs-540x405.jpg 540w\" sizes=\"(max-width: 200px) 100vw, 200px\" \/><\/p>\n<p>&nbsp;<\/p>\n<p>&nbsp;<\/p>\n<\/div>\n<\/div>\n<\/div><\/div><\/div><\/div><\/div>","protected":false},"excerpt":{"rendered":"<p>Nous proposons des solutions sur mesure, de 1 kg \u00e0 diff\u00e9rentes tailles de conteneurs. Nous d\u00e9truisons si n\u00e9cessaire, conform\u00e9ment aux normes les plus \u00e9lev\u00e9es. Consultez les \u00ab normes de destruction HSD \u00bb (seulement en N\u00e9erlandais) Apr\u00e8s destruction, les rognures de papier sont r\u00e9introduites sous forme de mati\u00e8re premi\u00e8re dans l&rsquo;industrie de transformation du papier. Ainsi, &hellip;<\/p>\n","protected":false},"author":1,"featured_media":1356,"parent":1177,"menu_order":0,"comment_status":"closed","ping_status":"closed","template":"","meta":{"footnotes":""},"yoast_head":"<!-- This site is optimized with the Yoast SEO plugin v24.5 - https:\/\/yoast.com\/wordpress\/plugins\/seo\/ -->\n<title>Archives et supports de donn\u00e9es | Datavernietiging Michel<\/title>\n<meta name=\"robots\" content=\"index, follow, max-snippet:-1, max-image-preview:large, max-video-preview:-1\" \/>\n<link rel=\"canonical\" href=\"https:\/\/datavernietigingmichel.be\/datavernietiging\/archieven-en-data\/\" \/>\n<meta property=\"og:locale\" content=\"fr_FR\" \/>\n<meta property=\"og:type\" content=\"article\" \/>\n<meta property=\"og:title\" content=\"Archives et supports de donn\u00e9es | Datavernietiging Michel\" \/>\n<meta property=\"og:description\" content=\"Nous proposons des solutions sur mesure, de 1 kg \u00e0 diff\u00e9rentes tailles de conteneurs. Nous d\u00e9truisons si n\u00e9cessaire, conform\u00e9ment aux normes les plus \u00e9lev\u00e9es. Consultez les \u00ab normes de destruction HSD \u00bb (seulement en N\u00e9erlandais) Apr\u00e8s destruction, les rognures de papier sont r\u00e9introduites sous forme de mati\u00e8re premi\u00e8re dans l&#039;industrie de transformation du papier. Ainsi, &hellip;\" \/>\n<meta property=\"og:url\" content=\"https:\/\/datavernietigingmichel.be\/datavernietiging\/archieven-en-data\/\" \/>\n<meta property=\"og:site_name\" content=\"Datavernietiging Michel\" \/>\n<meta property=\"article:modified_time\" content=\"2018-11-22T12:28:33+00:00\" \/>\n<meta property=\"og:image\" content=\"https:\/\/datavernietigingmichel.be\/wp-content\/uploads\/2016\/08\/datadragers.jpg\" \/>\n\t<meta property=\"og:image:width\" content=\"1024\" \/>\n\t<meta property=\"og:image:height\" content=\"591\" \/>\n\t<meta property=\"og:image:type\" content=\"image\/jpeg\" \/>\n<meta name=\"twitter:card\" content=\"summary_large_image\" \/>\n<meta name=\"twitter:label1\" content=\"Dur\u00e9e de lecture estim\u00e9e\" \/>\n\t<meta name=\"twitter:data1\" content=\"1 minute\" \/>\n<script type=\"application\/ld+json\" class=\"yoast-schema-graph\">{\"@context\":\"https:\/\/schema.org\",\"@graph\":[{\"@type\":\"WebPage\",\"@id\":\"https:\/\/datavernietigingmichel.be\/datavernietiging\/archieven-en-data\/\",\"url\":\"https:\/\/datavernietigingmichel.be\/datavernietiging\/archieven-en-data\/\",\"name\":\"Archives et supports de donn\u00e9es | Datavernietiging Michel\",\"isPartOf\":{\"@id\":\"https:\/\/datavernietigingmichel.be\/#website\"},\"primaryImageOfPage\":{\"@id\":\"https:\/\/datavernietigingmichel.be\/datavernietiging\/archieven-en-data\/#primaryimage\"},\"image\":{\"@id\":\"https:\/\/datavernietigingmichel.be\/datavernietiging\/archieven-en-data\/#primaryimage\"},\"thumbnailUrl\":\"https:\/\/datavernietigingmichel.be\/wp-content\/uploads\/2016\/08\/datadragers.jpg\",\"datePublished\":\"2016-12-08T09:19:48+00:00\",\"dateModified\":\"2018-11-22T12:28:33+00:00\",\"breadcrumb\":{\"@id\":\"https:\/\/datavernietigingmichel.be\/datavernietiging\/archieven-en-data\/#breadcrumb\"},\"inLanguage\":\"fr-FR\",\"potentialAction\":[{\"@type\":\"ReadAction\",\"target\":[\"https:\/\/datavernietigingmichel.be\/datavernietiging\/archieven-en-data\/\"]}]},{\"@type\":\"ImageObject\",\"inLanguage\":\"fr-FR\",\"@id\":\"https:\/\/datavernietigingmichel.be\/datavernietiging\/archieven-en-data\/#primaryimage\",\"url\":\"https:\/\/datavernietigingmichel.be\/wp-content\/uploads\/2016\/08\/datadragers.jpg\",\"contentUrl\":\"https:\/\/datavernietigingmichel.be\/wp-content\/uploads\/2016\/08\/datadragers.jpg\",\"width\":1024,\"height\":591},{\"@type\":\"BreadcrumbList\",\"@id\":\"https:\/\/datavernietigingmichel.be\/datavernietiging\/archieven-en-data\/#breadcrumb\",\"itemListElement\":[{\"@type\":\"ListItem\",\"position\":1,\"name\":\"Home\",\"item\":\"https:\/\/datavernietigingmichel.be\/fr\/\"},{\"@type\":\"ListItem\",\"position\":2,\"name\":\"Destruction de donn\u00e9es\",\"item\":\"https:\/\/datavernietigingmichel.be\/datavernietiging\/\"},{\"@type\":\"ListItem\",\"position\":3,\"name\":\"Archives et supports de donn\u00e9es\"}]},{\"@type\":\"WebSite\",\"@id\":\"https:\/\/datavernietigingmichel.be\/#website\",\"url\":\"https:\/\/datavernietigingmichel.be\/\",\"name\":\"Datavernietiging Michel\",\"description\":\"Ophaling en vernietiging van datadragers\",\"potentialAction\":[{\"@type\":\"SearchAction\",\"target\":{\"@type\":\"EntryPoint\",\"urlTemplate\":\"https:\/\/datavernietigingmichel.be\/?s={search_term_string}\"},\"query-input\":{\"@type\":\"PropertyValueSpecification\",\"valueRequired\":true,\"valueName\":\"search_term_string\"}}],\"inLanguage\":\"fr-FR\"}]}<\/script>\n<!-- \/ Yoast SEO plugin. -->","yoast_head_json":{"title":"Archives et supports de donn\u00e9es | Datavernietiging Michel","robots":{"index":"index","follow":"follow","max-snippet":"max-snippet:-1","max-image-preview":"max-image-preview:large","max-video-preview":"max-video-preview:-1"},"canonical":"https:\/\/datavernietigingmichel.be\/datavernietiging\/archieven-en-data\/","og_locale":"fr_FR","og_type":"article","og_title":"Archives et supports de donn\u00e9es | Datavernietiging Michel","og_description":"Nous proposons des solutions sur mesure, de 1 kg \u00e0 diff\u00e9rentes tailles de conteneurs. Nous d\u00e9truisons si n\u00e9cessaire, conform\u00e9ment aux normes les plus \u00e9lev\u00e9es. Consultez les \u00ab normes de destruction HSD \u00bb (seulement en N\u00e9erlandais) Apr\u00e8s destruction, les rognures de papier sont r\u00e9introduites sous forme de mati\u00e8re premi\u00e8re dans l'industrie de transformation du papier. Ainsi, &hellip;","og_url":"https:\/\/datavernietigingmichel.be\/datavernietiging\/archieven-en-data\/","og_site_name":"Datavernietiging Michel","article_modified_time":"2018-11-22T12:28:33+00:00","og_image":[{"width":1024,"height":591,"url":"https:\/\/datavernietigingmichel.be\/wp-content\/uploads\/2016\/08\/datadragers.jpg","type":"image\/jpeg"}],"twitter_card":"summary_large_image","twitter_misc":{"Dur\u00e9e de lecture estim\u00e9e":"1 minute"},"schema":{"@context":"https:\/\/schema.org","@graph":[{"@type":"WebPage","@id":"https:\/\/datavernietigingmichel.be\/datavernietiging\/archieven-en-data\/","url":"https:\/\/datavernietigingmichel.be\/datavernietiging\/archieven-en-data\/","name":"Archives et supports de donn\u00e9es | Datavernietiging Michel","isPartOf":{"@id":"https:\/\/datavernietigingmichel.be\/#website"},"primaryImageOfPage":{"@id":"https:\/\/datavernietigingmichel.be\/datavernietiging\/archieven-en-data\/#primaryimage"},"image":{"@id":"https:\/\/datavernietigingmichel.be\/datavernietiging\/archieven-en-data\/#primaryimage"},"thumbnailUrl":"https:\/\/datavernietigingmichel.be\/wp-content\/uploads\/2016\/08\/datadragers.jpg","datePublished":"2016-12-08T09:19:48+00:00","dateModified":"2018-11-22T12:28:33+00:00","breadcrumb":{"@id":"https:\/\/datavernietigingmichel.be\/datavernietiging\/archieven-en-data\/#breadcrumb"},"inLanguage":"fr-FR","potentialAction":[{"@type":"ReadAction","target":["https:\/\/datavernietigingmichel.be\/datavernietiging\/archieven-en-data\/"]}]},{"@type":"ImageObject","inLanguage":"fr-FR","@id":"https:\/\/datavernietigingmichel.be\/datavernietiging\/archieven-en-data\/#primaryimage","url":"https:\/\/datavernietigingmichel.be\/wp-content\/uploads\/2016\/08\/datadragers.jpg","contentUrl":"https:\/\/datavernietigingmichel.be\/wp-content\/uploads\/2016\/08\/datadragers.jpg","width":1024,"height":591},{"@type":"BreadcrumbList","@id":"https:\/\/datavernietigingmichel.be\/datavernietiging\/archieven-en-data\/#breadcrumb","itemListElement":[{"@type":"ListItem","position":1,"name":"Home","item":"https:\/\/datavernietigingmichel.be\/fr\/"},{"@type":"ListItem","position":2,"name":"Destruction de donn\u00e9es","item":"https:\/\/datavernietigingmichel.be\/datavernietiging\/"},{"@type":"ListItem","position":3,"name":"Archives et supports de donn\u00e9es"}]},{"@type":"WebSite","@id":"https:\/\/datavernietigingmichel.be\/#website","url":"https:\/\/datavernietigingmichel.be\/","name":"Datavernietiging Michel","description":"Ophaling en vernietiging van datadragers","potentialAction":[{"@type":"SearchAction","target":{"@type":"EntryPoint","urlTemplate":"https:\/\/datavernietigingmichel.be\/?s={search_term_string}"},"query-input":{"@type":"PropertyValueSpecification","valueRequired":true,"valueName":"search_term_string"}}],"inLanguage":"fr-FR"}]}},"_links":{"self":[{"href":"https:\/\/datavernietigingmichel.be\/fr\/wp-json\/wp\/v2\/pages\/1183"}],"collection":[{"href":"https:\/\/datavernietigingmichel.be\/fr\/wp-json\/wp\/v2\/pages"}],"about":[{"href":"https:\/\/datavernietigingmichel.be\/fr\/wp-json\/wp\/v2\/types\/page"}],"author":[{"embeddable":true,"href":"https:\/\/datavernietigingmichel.be\/fr\/wp-json\/wp\/v2\/users\/1"}],"replies":[{"embeddable":true,"href":"https:\/\/datavernietigingmichel.be\/fr\/wp-json\/wp\/v2\/comments?post=1183"}],"version-history":[{"count":6,"href":"https:\/\/datavernietigingmichel.be\/fr\/wp-json\/wp\/v2\/pages\/1183\/revisions"}],"predecessor-version":[{"id":1499,"href":"https:\/\/datavernietigingmichel.be\/fr\/wp-json\/wp\/v2\/pages\/1183\/revisions\/1499"}],"up":[{"embeddable":true,"href":"https:\/\/datavernietigingmichel.be\/fr\/wp-json\/wp\/v2\/pages\/1177"}],"wp:featuredmedia":[{"embeddable":true,"href":"https:\/\/datavernietigingmichel.be\/fr\/wp-json\/wp\/v2\/media\/1356"}],"wp:attachment":[{"href":"https:\/\/datavernietigingmichel.be\/fr\/wp-json\/wp\/v2\/media?parent=1183"}],"curies":[{"name":"wp","href":"https:\/\/api.w.org\/{rel}","templated":true}]}}