{"id":1181,"date":"2016-12-08T10:16:11","date_gmt":"2016-12-08T09:16:11","guid":{"rendered":"https:\/\/datavernietigingmichel.be\/?page_id=1181&#038;lang=fr"},"modified":"2016-12-08T11:49:27","modified_gmt":"2016-12-08T10:49:27","slug":"fonctionnement","status":"publish","type":"page","link":"https:\/\/datavernietigingmichel.be\/fr\/destruction-de-donnees\/fonctionnement\/","title":{"rendered":"Fonctionnement"},"content":{"rendered":"<div id=\"pl-1181\"  class=\"panel-layout\" ><div id=\"pg-1181-0\"  class=\"panel-grid panel-no-style\" ><div id=\"pgc-1181-0-0\"  class=\"panel-grid-cell\" ><div id=\"panel-1181-0-0-0\" class=\"so-panel widget widget_sow-editor panel-first-child panel-last-child\" data-index=\"0\" ><div\n\t\t\t\n\t\t\tclass=\"so-widget-sow-editor so-widget-sow-editor-base\"\n\t\t\t\n\t\t>\n<div class=\"siteorigin-widget-tinymce textwidget\">\n\t<h2>Fonctionnement de la destruction de donn\u00e9es<\/h2>\n<p>Nous avons un syst\u00e8me infaillible. La collection se fait avec des camions munis d'un volet de s\u00e9curit\u00e9 et de cam\u00e9ras de surveillance. Nous travaillons exclusivement avec du personnel soigneusement s\u00e9lectionn\u00e9. Pour tout le processus, de l'enl\u00e8vement \u00e0 la destruction effective en passant par le transport, nous fournissons une attestation de garantie de destruction.<\/p>\n<p> Chacun peut assister \u00e0 la destruction de ses propres archives. Il est \u00e9ventuellement possible d'assister en temps r\u00e9el et \u00e0 distance (en ligne) \u00e0 la destruction de ses archives.<br \/> Nous d\u00e9truisons fr\u00e9quemment des \u00e9l\u00e9ments sous la supervision d'huissiers de justice et\/ou des services de douane.<\/p>\n<\/div>\n<\/div><\/div><\/div><\/div><div id=\"pg-1181-1\"  class=\"panel-grid panel-no-style\" ><div id=\"pgc-1181-1-0\"  class=\"panel-grid-cell\" ><div id=\"panel-1181-1-0-0\" class=\"so-panel widget widget_pw_icon_box widget-icon-box panel-first-child\" data-index=\"1\" >\n\t\t\t<div class=\"icon-box\">\n\t\n\t\t<i class=\"fa  fa-truck\"><\/i>\n\t\t<h4 class=\"icon-box__title\">1\u00e8re \u00e9tape<\/h4>\n\t\t<span class=\"icon-box__subtitle\">L'enl\u00e8vement des archives (les archives peuvent aussi nous \u00eatre livr\u00e9es)<\/span>\n\n\t\t\t<\/div>\n\t\n<\/div><div id=\"panel-1181-1-0-1\" class=\"so-panel widget widget_sow-image panel-last-child\" data-index=\"2\" ><div\n\t\t\t\n\t\t\tclass=\"so-widget-sow-image so-widget-sow-image-default-8b5b6f678277-1181\"\n\t\t\t\n\t\t>\n<div class=\"sow-image-container\">\n\t\t<img \n\tsrc=\"https:\/\/datavernietigingmichel.be\/wp-content\/uploads\/2016\/08\/wat-doen-wij-stap-1_700x117.jpg\" width=\"700\" height=\"117\" srcset=\"https:\/\/datavernietigingmichel.be\/wp-content\/uploads\/2016\/08\/wat-doen-wij-stap-1_700x117.jpg 700w, https:\/\/datavernietigingmichel.be\/wp-content\/uploads\/2016\/08\/wat-doen-wij-stap-1_700x117-300x50.jpg 300w, https:\/\/datavernietigingmichel.be\/wp-content\/uploads\/2016\/08\/wat-doen-wij-stap-1_700x117-540x90.jpg 540w\" sizes=\"(max-width: 700px) 100vw, 700px\" alt=\"\" \t\tclass=\"so-widget-image\"\/>\n\t<\/div>\n\n<\/div><\/div><\/div><\/div><div id=\"pg-1181-2\"  class=\"panel-grid panel-no-style\" ><div id=\"pgc-1181-2-0\"  class=\"panel-grid-cell\" ><div id=\"panel-1181-2-0-0\" class=\"so-panel widget widget_pw_icon_box widget-icon-box panel-first-child\" data-index=\"3\" >\n\t\t\t<div class=\"icon-box\">\n\t\n\t\t<i class=\"fa  fa-cogs\"><\/i>\n\t\t<h4 class=\"icon-box__title\">2\u00e8me \u00e9tape<\/h4>\n\t\t<span class=\"icon-box__subtitle\">Destruction imm\u00e9diate du papier sous vid\u00e9o-surveillance.<\/span>\n\n\t\t\t<\/div>\n\t\n<\/div><div id=\"panel-1181-2-0-1\" class=\"so-panel widget widget_sow-image panel-last-child\" data-index=\"4\" ><div\n\t\t\t\n\t\t\tclass=\"so-widget-sow-image so-widget-sow-image-default-8b5b6f678277-1181\"\n\t\t\t\n\t\t>\n<div class=\"sow-image-container\">\n\t\t<img \n\tsrc=\"https:\/\/datavernietigingmichel.be\/wp-content\/uploads\/2016\/08\/wat-doen-wij-stap-2_700x117.jpg\" width=\"700\" height=\"117\" srcset=\"https:\/\/datavernietigingmichel.be\/wp-content\/uploads\/2016\/08\/wat-doen-wij-stap-2_700x117.jpg 700w, https:\/\/datavernietigingmichel.be\/wp-content\/uploads\/2016\/08\/wat-doen-wij-stap-2_700x117-300x50.jpg 300w, https:\/\/datavernietigingmichel.be\/wp-content\/uploads\/2016\/08\/wat-doen-wij-stap-2_700x117-540x90.jpg 540w\" sizes=\"(max-width: 700px) 100vw, 700px\" alt=\"\" \t\tclass=\"so-widget-image\"\/>\n\t<\/div>\n\n<\/div><\/div><\/div><\/div><div id=\"pg-1181-3\"  class=\"panel-grid panel-no-style\" ><div id=\"pgc-1181-3-0\"  class=\"panel-grid-cell\" ><div id=\"panel-1181-3-0-0\" class=\"so-panel widget widget_pw_icon_box widget-icon-box panel-first-child\" data-index=\"5\" >\n\t\t\t<div class=\"icon-box\">\n\t\n\t\t<i class=\"fa  fa-leaf\"><\/i>\n\t\t<h4 class=\"icon-box__title\">3\u00e8me \u00e9tape<\/h4>\n\t\t<span class=\"icon-box__subtitle\">Presse des rognures illisibles en ballots de papier avant r\u00e9introduction sous forme de mati\u00e8re premi\u00e8re dans l'industrie de transformation du papier. <\/span>\n\n\t\t\t<\/div>\n\t\n<\/div><div id=\"panel-1181-3-0-1\" class=\"so-panel widget widget_sow-image panel-last-child\" data-index=\"6\" ><div\n\t\t\t\n\t\t\tclass=\"so-widget-sow-image so-widget-sow-image-default-8b5b6f678277-1181\"\n\t\t\t\n\t\t>\n<div class=\"sow-image-container\">\n\t\t<img \n\tsrc=\"https:\/\/datavernietigingmichel.be\/wp-content\/uploads\/2016\/08\/wat-doen-wij-stap-3_700x117.jpg\" width=\"700\" height=\"117\" srcset=\"https:\/\/datavernietigingmichel.be\/wp-content\/uploads\/2016\/08\/wat-doen-wij-stap-3_700x117.jpg 700w, https:\/\/datavernietigingmichel.be\/wp-content\/uploads\/2016\/08\/wat-doen-wij-stap-3_700x117-300x50.jpg 300w, https:\/\/datavernietigingmichel.be\/wp-content\/uploads\/2016\/08\/wat-doen-wij-stap-3_700x117-540x90.jpg 540w\" sizes=\"(max-width: 700px) 100vw, 700px\" alt=\"\" \t\tclass=\"so-widget-image\"\/>\n\t<\/div>\n\n<\/div><\/div><\/div><\/div><\/div>","protected":false},"excerpt":{"rendered":"<p>Fonctionnement de la destruction de donn\u00e9esNous avons un syst\u00e8me infaillible. La collection se fait avec des camions munis d&rsquo;un volet de s\u00e9curit\u00e9 et de cam\u00e9ras de surveillance. Nous travaillons exclusivement avec du personnel soigneusement s\u00e9lectionn\u00e9. Pour tout le processus, de l&rsquo;enl\u00e8vement \u00e0 la destruction effective en passant par le transport, nous fournissons une attestation de &hellip;<\/p>\n","protected":false},"author":1,"featured_media":1354,"parent":1177,"menu_order":0,"comment_status":"closed","ping_status":"closed","template":"","meta":{"footnotes":""},"yoast_head":"<!-- This site is optimized with the Yoast SEO plugin v24.5 - https:\/\/yoast.com\/wordpress\/plugins\/seo\/ -->\n<title>Fonctionnement | Datavernietiging Michel<\/title>\n<meta name=\"robots\" content=\"index, follow, max-snippet:-1, max-image-preview:large, max-video-preview:-1\" \/>\n<link rel=\"canonical\" href=\"https:\/\/datavernietigingmichel.be\/datavernietiging\/werkwijze\/\" \/>\n<meta property=\"og:locale\" content=\"fr_FR\" \/>\n<meta property=\"og:type\" content=\"article\" \/>\n<meta property=\"og:title\" content=\"Fonctionnement | Datavernietiging Michel\" \/>\n<meta property=\"og:description\" content=\"Fonctionnement de la destruction de donn\u00e9esNous avons un syst\u00e8me infaillible. La collection se fait avec des camions munis d&#039;un volet de s\u00e9curit\u00e9 et de cam\u00e9ras de surveillance. Nous travaillons exclusivement avec du personnel soigneusement s\u00e9lectionn\u00e9. Pour tout le processus, de l&#039;enl\u00e8vement \u00e0 la destruction effective en passant par le transport, nous fournissons une attestation de &hellip;\" \/>\n<meta property=\"og:url\" content=\"https:\/\/datavernietigingmichel.be\/datavernietiging\/werkwijze\/\" \/>\n<meta property=\"og:site_name\" content=\"Datavernietiging Michel\" \/>\n<meta property=\"article:modified_time\" content=\"2016-12-08T10:49:27+00:00\" \/>\n<meta property=\"og:image\" content=\"https:\/\/datavernietigingmichel.be\/wp-content\/uploads\/2016\/08\/DVM-Master-1.jpg\" \/>\n\t<meta property=\"og:image:width\" content=\"2500\" \/>\n\t<meta property=\"og:image:height\" content=\"836\" \/>\n\t<meta property=\"og:image:type\" content=\"image\/jpeg\" \/>\n<meta name=\"twitter:card\" content=\"summary_large_image\" \/>\n<meta name=\"twitter:label1\" content=\"Dur\u00e9e de lecture estim\u00e9e\" \/>\n\t<meta name=\"twitter:data1\" content=\"1 minute\" \/>\n<script type=\"application\/ld+json\" class=\"yoast-schema-graph\">{\"@context\":\"https:\/\/schema.org\",\"@graph\":[{\"@type\":\"WebPage\",\"@id\":\"https:\/\/datavernietigingmichel.be\/datavernietiging\/werkwijze\/\",\"url\":\"https:\/\/datavernietigingmichel.be\/datavernietiging\/werkwijze\/\",\"name\":\"Fonctionnement | Datavernietiging Michel\",\"isPartOf\":{\"@id\":\"https:\/\/datavernietigingmichel.be\/#website\"},\"primaryImageOfPage\":{\"@id\":\"https:\/\/datavernietigingmichel.be\/datavernietiging\/werkwijze\/#primaryimage\"},\"image\":{\"@id\":\"https:\/\/datavernietigingmichel.be\/datavernietiging\/werkwijze\/#primaryimage\"},\"thumbnailUrl\":\"https:\/\/datavernietigingmichel.be\/wp-content\/uploads\/2016\/08\/DVM-Master-1.jpg\",\"datePublished\":\"2016-12-08T09:16:11+00:00\",\"dateModified\":\"2016-12-08T10:49:27+00:00\",\"breadcrumb\":{\"@id\":\"https:\/\/datavernietigingmichel.be\/datavernietiging\/werkwijze\/#breadcrumb\"},\"inLanguage\":\"fr-FR\",\"potentialAction\":[{\"@type\":\"ReadAction\",\"target\":[\"https:\/\/datavernietigingmichel.be\/datavernietiging\/werkwijze\/\"]}]},{\"@type\":\"ImageObject\",\"inLanguage\":\"fr-FR\",\"@id\":\"https:\/\/datavernietigingmichel.be\/datavernietiging\/werkwijze\/#primaryimage\",\"url\":\"https:\/\/datavernietigingmichel.be\/wp-content\/uploads\/2016\/08\/DVM-Master-1.jpg\",\"contentUrl\":\"https:\/\/datavernietigingmichel.be\/wp-content\/uploads\/2016\/08\/DVM-Master-1.jpg\",\"width\":2500,\"height\":836},{\"@type\":\"BreadcrumbList\",\"@id\":\"https:\/\/datavernietigingmichel.be\/datavernietiging\/werkwijze\/#breadcrumb\",\"itemListElement\":[{\"@type\":\"ListItem\",\"position\":1,\"name\":\"Home\",\"item\":\"https:\/\/datavernietigingmichel.be\/fr\/\"},{\"@type\":\"ListItem\",\"position\":2,\"name\":\"Destruction de donn\u00e9es\",\"item\":\"https:\/\/datavernietigingmichel.be\/datavernietiging\/\"},{\"@type\":\"ListItem\",\"position\":3,\"name\":\"Fonctionnement\"}]},{\"@type\":\"WebSite\",\"@id\":\"https:\/\/datavernietigingmichel.be\/#website\",\"url\":\"https:\/\/datavernietigingmichel.be\/\",\"name\":\"Datavernietiging Michel\",\"description\":\"Ophaling en vernietiging van datadragers\",\"potentialAction\":[{\"@type\":\"SearchAction\",\"target\":{\"@type\":\"EntryPoint\",\"urlTemplate\":\"https:\/\/datavernietigingmichel.be\/?s={search_term_string}\"},\"query-input\":{\"@type\":\"PropertyValueSpecification\",\"valueRequired\":true,\"valueName\":\"search_term_string\"}}],\"inLanguage\":\"fr-FR\"}]}<\/script>\n<!-- \/ Yoast SEO plugin. -->","yoast_head_json":{"title":"Fonctionnement | Datavernietiging Michel","robots":{"index":"index","follow":"follow","max-snippet":"max-snippet:-1","max-image-preview":"max-image-preview:large","max-video-preview":"max-video-preview:-1"},"canonical":"https:\/\/datavernietigingmichel.be\/datavernietiging\/werkwijze\/","og_locale":"fr_FR","og_type":"article","og_title":"Fonctionnement | Datavernietiging Michel","og_description":"Fonctionnement de la destruction de donn\u00e9esNous avons un syst\u00e8me infaillible. La collection se fait avec des camions munis d'un volet de s\u00e9curit\u00e9 et de cam\u00e9ras de surveillance. Nous travaillons exclusivement avec du personnel soigneusement s\u00e9lectionn\u00e9. Pour tout le processus, de l'enl\u00e8vement \u00e0 la destruction effective en passant par le transport, nous fournissons une attestation de &hellip;","og_url":"https:\/\/datavernietigingmichel.be\/datavernietiging\/werkwijze\/","og_site_name":"Datavernietiging Michel","article_modified_time":"2016-12-08T10:49:27+00:00","og_image":[{"width":2500,"height":836,"url":"https:\/\/datavernietigingmichel.be\/wp-content\/uploads\/2016\/08\/DVM-Master-1.jpg","type":"image\/jpeg"}],"twitter_card":"summary_large_image","twitter_misc":{"Dur\u00e9e de lecture estim\u00e9e":"1 minute"},"schema":{"@context":"https:\/\/schema.org","@graph":[{"@type":"WebPage","@id":"https:\/\/datavernietigingmichel.be\/datavernietiging\/werkwijze\/","url":"https:\/\/datavernietigingmichel.be\/datavernietiging\/werkwijze\/","name":"Fonctionnement | Datavernietiging Michel","isPartOf":{"@id":"https:\/\/datavernietigingmichel.be\/#website"},"primaryImageOfPage":{"@id":"https:\/\/datavernietigingmichel.be\/datavernietiging\/werkwijze\/#primaryimage"},"image":{"@id":"https:\/\/datavernietigingmichel.be\/datavernietiging\/werkwijze\/#primaryimage"},"thumbnailUrl":"https:\/\/datavernietigingmichel.be\/wp-content\/uploads\/2016\/08\/DVM-Master-1.jpg","datePublished":"2016-12-08T09:16:11+00:00","dateModified":"2016-12-08T10:49:27+00:00","breadcrumb":{"@id":"https:\/\/datavernietigingmichel.be\/datavernietiging\/werkwijze\/#breadcrumb"},"inLanguage":"fr-FR","potentialAction":[{"@type":"ReadAction","target":["https:\/\/datavernietigingmichel.be\/datavernietiging\/werkwijze\/"]}]},{"@type":"ImageObject","inLanguage":"fr-FR","@id":"https:\/\/datavernietigingmichel.be\/datavernietiging\/werkwijze\/#primaryimage","url":"https:\/\/datavernietigingmichel.be\/wp-content\/uploads\/2016\/08\/DVM-Master-1.jpg","contentUrl":"https:\/\/datavernietigingmichel.be\/wp-content\/uploads\/2016\/08\/DVM-Master-1.jpg","width":2500,"height":836},{"@type":"BreadcrumbList","@id":"https:\/\/datavernietigingmichel.be\/datavernietiging\/werkwijze\/#breadcrumb","itemListElement":[{"@type":"ListItem","position":1,"name":"Home","item":"https:\/\/datavernietigingmichel.be\/fr\/"},{"@type":"ListItem","position":2,"name":"Destruction de donn\u00e9es","item":"https:\/\/datavernietigingmichel.be\/datavernietiging\/"},{"@type":"ListItem","position":3,"name":"Fonctionnement"}]},{"@type":"WebSite","@id":"https:\/\/datavernietigingmichel.be\/#website","url":"https:\/\/datavernietigingmichel.be\/","name":"Datavernietiging Michel","description":"Ophaling en vernietiging van datadragers","potentialAction":[{"@type":"SearchAction","target":{"@type":"EntryPoint","urlTemplate":"https:\/\/datavernietigingmichel.be\/?s={search_term_string}"},"query-input":{"@type":"PropertyValueSpecification","valueRequired":true,"valueName":"search_term_string"}}],"inLanguage":"fr-FR"}]}},"_links":{"self":[{"href":"https:\/\/datavernietigingmichel.be\/fr\/wp-json\/wp\/v2\/pages\/1181"}],"collection":[{"href":"https:\/\/datavernietigingmichel.be\/fr\/wp-json\/wp\/v2\/pages"}],"about":[{"href":"https:\/\/datavernietigingmichel.be\/fr\/wp-json\/wp\/v2\/types\/page"}],"author":[{"embeddable":true,"href":"https:\/\/datavernietigingmichel.be\/fr\/wp-json\/wp\/v2\/users\/1"}],"replies":[{"embeddable":true,"href":"https:\/\/datavernietigingmichel.be\/fr\/wp-json\/wp\/v2\/comments?post=1181"}],"version-history":[{"count":2,"href":"https:\/\/datavernietigingmichel.be\/fr\/wp-json\/wp\/v2\/pages\/1181\/revisions"}],"predecessor-version":[{"id":1262,"href":"https:\/\/datavernietigingmichel.be\/fr\/wp-json\/wp\/v2\/pages\/1181\/revisions\/1262"}],"up":[{"embeddable":true,"href":"https:\/\/datavernietigingmichel.be\/fr\/wp-json\/wp\/v2\/pages\/1177"}],"wp:featuredmedia":[{"embeddable":true,"href":"https:\/\/datavernietigingmichel.be\/fr\/wp-json\/wp\/v2\/media\/1354"}],"wp:attachment":[{"href":"https:\/\/datavernietigingmichel.be\/fr\/wp-json\/wp\/v2\/media?parent=1181"}],"curies":[{"name":"wp","href":"https:\/\/api.w.org\/{rel}","templated":true}]}}