{"id":1179,"date":"2016-12-08T10:13:29","date_gmt":"2016-12-08T09:13:29","guid":{"rendered":"https:\/\/datavernietigingmichel.be\/?page_id=1179&#038;lang=fr"},"modified":"2016-12-08T11:35:34","modified_gmt":"2016-12-08T10:35:34","slug":"au-sujet-datavernietiging-michel","status":"publish","type":"page","link":"https:\/\/datavernietigingmichel.be\/fr\/au-sujet-datavernietiging-michel\/","title":{"rendered":"Au sujet de \u00ab Datavernietiging Michel \u00bb"},"content":{"rendered":"<div id=\"pl-1179\"  class=\"panel-layout\" ><div id=\"pg-1179-0\"  class=\"panel-grid panel-no-style\" ><div id=\"pgc-1179-0-0\"  class=\"panel-grid-cell\" ><div id=\"panel-1179-0-0-0\" class=\"so-panel widget widget_sow-editor panel-first-child panel-last-child\" data-index=\"0\" ><div\n\t\t\t\n\t\t\tclass=\"so-widget-sow-editor so-widget-sow-editor-base\"\n\t\t\t\n\t\t>\n<div class=\"siteorigin-widget-tinymce textwidget\">\n\t<h2>Au sujet de \u00ab Datavernietiging Michel \u00bb<\/h2>\n<p>En tant que premier destructeur d'archives de Belgique, nous nous faisons un plaisir de vous faire profiter de notre exp\u00e9rience.<br \/>\nNos clients sont actifs dans diff\u00e9rents secteurs :<\/p>\n<ul>\n<li><strong>Finance et assurance<\/strong> (banques, soci\u00e9t\u00e9s d'assurance, conseillers en placement, comptables,...)<\/li>\n<li><strong>Secteur social <\/strong> (conseils communaux, CPAS, centres d'accueil, secr\u00e9tariats sociaux, services publics, ...)<\/li>\n<li><strong>Secteur juridique <\/strong> (notaires, avocats, juges, curateurs, imposition, ...)<\/li>\n<li><strong>Secteur m\u00e9dical <\/strong> (m\u00e9decins, h\u00f4pitaux, sp\u00e9cialistes, ...)<\/li>\n<\/ul>\n<p>C'est de la maison m\u00e8re <a href=\"http:\/\/www.oudpapiermichel.be\/\">Oud Papier Jozef Michel SA<\/a> qu'est n\u00e9e, en 1986, \u00ab Datavernietiging Michel SA \u00bb. Avec des ann\u00e9es d'exp\u00e9rience et une v\u00e9ritable d\u00e9votion, nous nous consid\u00e9rons comme les sp\u00e9cialistes du m\u00e9tier. Les camions avec lesquels nous assurons l'enl\u00e8vement de vos archives sont herm\u00e9tiquement ferm\u00e9s et le papier est d\u00e9truit le jour-m\u00eame. Nous vous fournissons \u00e9galement une attestation garantissant la destruction de vos archives. <\/p>\n<p>&nbsp;<\/p>\n<h3>Pourquoi choisir Datavernietiging Michel ?<\/h3>\n<p>Nous assurons un service professionnel mais gardons l'\u00e9tat d'esprit d'une entreprise familiale.<br \/>\nLes d\u00e9p\u00f4ts de destruction sont ferm\u00e9s et sous surveillance cam\u00e9ra permanente, garante de la s\u00e9curit\u00e9 de vos archives.<\/p>\n<ul>\n<li>Nous cherchons toujours <strong>une solution adapt\u00e9e<\/strong> au client ou \u00e0 son projet.<\/li>\n<li>Nous r\u00e9agissons et <strong>r\u00e9pondons rapidemen<\/strong>t \u00e0 votre demande d'information end\u00e9ans les 24 heures. <\/li>\n<li>Nous pouvons assurer un <strong>service rapide<\/strong> et charger dans les jours qui suivent un \u00e9ventuel accord.<\/li>\n<li>Vous ne devez <strong>pas trier<\/strong> vos archives au pr\u00e9alable, les classeurs, cartons, agrafes et fardes plastiques ne posent pas de probl\u00e8me.<\/li>\n<li>Vous ne devez <strong>pas d\u00e9placer les conteneurs<\/strong> que vous louez chez nous. Nous les enlevons \u00e0 l'endroit o\u00f9 ils se trouvent et les repla\u00e7ons vides l\u00e0 o\u00f9 vous le souhaitez.<\/li>\n<liune <strong>entreprise familiale n'est pas la filiale d'un grand groupe. Nous sommes l'exemple pratique de structures courtes, de lignes de d\u00e9cisions rapides et d\u2019une v\u00e9ritable orientation client.<\/p>\n<li>Nous assurons <strong>s\u00e9curit\u00e9, discr\u00e9tion et confiance.<\/strong> Nous nous en portons garants lors de chaque destruction et fournissons \u00e0 cet effet une attestation de garantie de destruction.<\/li>\n<\/liune><\/ul>\n<\/div>\n<\/div><\/div><\/div><\/div><\/div>","protected":false},"excerpt":{"rendered":"<p>Au sujet de \u00ab Datavernietiging Michel \u00bb En tant que premier destructeur d&rsquo;archives de Belgique, nous nous faisons un plaisir de vous faire profiter de notre exp\u00e9rience. Nos clients sont actifs dans diff\u00e9rents secteurs : Finance et assurance (banques, soci\u00e9t\u00e9s d&rsquo;assurance, conseillers en placement, comptables,&#8230;) Secteur social (conseils communaux, CPAS, centres d&rsquo;accueil, secr\u00e9tariats sociaux, services &hellip;<\/p>\n","protected":false},"author":1,"featured_media":0,"parent":0,"menu_order":0,"comment_status":"closed","ping_status":"closed","template":"","meta":{"footnotes":""},"yoast_head":"<!-- This site is optimized with the Yoast SEO plugin v24.5 - https:\/\/yoast.com\/wordpress\/plugins\/seo\/ -->\n<title>Au sujet de \u00ab Datavernietiging Michel \u00bb | Datavernietiging Michel<\/title>\n<meta name=\"robots\" content=\"index, follow, max-snippet:-1, max-image-preview:large, max-video-preview:-1\" \/>\n<link rel=\"canonical\" href=\"https:\/\/datavernietigingmichel.be\/bedrijf\/\" \/>\n<meta property=\"og:locale\" content=\"fr_FR\" \/>\n<meta property=\"og:type\" content=\"article\" \/>\n<meta property=\"og:title\" content=\"Au sujet de \u00ab Datavernietiging Michel \u00bb | Datavernietiging Michel\" \/>\n<meta property=\"og:description\" content=\"Au sujet de \u00ab Datavernietiging Michel \u00bb En tant que premier destructeur d&#039;archives de Belgique, nous nous faisons un plaisir de vous faire profiter de notre exp\u00e9rience. Nos clients sont actifs dans diff\u00e9rents secteurs : Finance et assurance (banques, soci\u00e9t\u00e9s d&#039;assurance, conseillers en placement, comptables,...) Secteur social (conseils communaux, CPAS, centres d&#039;accueil, secr\u00e9tariats sociaux, services &hellip;\" \/>\n<meta property=\"og:url\" content=\"https:\/\/datavernietigingmichel.be\/bedrijf\/\" \/>\n<meta property=\"og:site_name\" content=\"Datavernietiging Michel\" \/>\n<meta property=\"article:modified_time\" content=\"2016-12-08T10:35:34+00:00\" \/>\n<meta name=\"twitter:card\" content=\"summary_large_image\" \/>\n<script type=\"application\/ld+json\" class=\"yoast-schema-graph\">{\"@context\":\"https:\/\/schema.org\",\"@graph\":[{\"@type\":\"WebPage\",\"@id\":\"https:\/\/datavernietigingmichel.be\/bedrijf\/\",\"url\":\"https:\/\/datavernietigingmichel.be\/bedrijf\/\",\"name\":\"Au sujet de \u00ab Datavernietiging Michel \u00bb | Datavernietiging Michel\",\"isPartOf\":{\"@id\":\"https:\/\/datavernietigingmichel.be\/#website\"},\"datePublished\":\"2016-12-08T09:13:29+00:00\",\"dateModified\":\"2016-12-08T10:35:34+00:00\",\"breadcrumb\":{\"@id\":\"https:\/\/datavernietigingmichel.be\/bedrijf\/#breadcrumb\"},\"inLanguage\":\"fr-FR\",\"potentialAction\":[{\"@type\":\"ReadAction\",\"target\":[\"https:\/\/datavernietigingmichel.be\/bedrijf\/\"]}]},{\"@type\":\"BreadcrumbList\",\"@id\":\"https:\/\/datavernietigingmichel.be\/bedrijf\/#breadcrumb\",\"itemListElement\":[{\"@type\":\"ListItem\",\"position\":1,\"name\":\"Home\",\"item\":\"https:\/\/datavernietigingmichel.be\/fr\/\"},{\"@type\":\"ListItem\",\"position\":2,\"name\":\"Au sujet de \u00ab Datavernietiging Michel \u00bb\"}]},{\"@type\":\"WebSite\",\"@id\":\"https:\/\/datavernietigingmichel.be\/#website\",\"url\":\"https:\/\/datavernietigingmichel.be\/\",\"name\":\"Datavernietiging Michel\",\"description\":\"Ophaling en vernietiging van datadragers\",\"potentialAction\":[{\"@type\":\"SearchAction\",\"target\":{\"@type\":\"EntryPoint\",\"urlTemplate\":\"https:\/\/datavernietigingmichel.be\/?s={search_term_string}\"},\"query-input\":{\"@type\":\"PropertyValueSpecification\",\"valueRequired\":true,\"valueName\":\"search_term_string\"}}],\"inLanguage\":\"fr-FR\"}]}<\/script>\n<!-- \/ Yoast SEO plugin. -->","yoast_head_json":{"title":"Au sujet de \u00ab Datavernietiging Michel \u00bb | Datavernietiging Michel","robots":{"index":"index","follow":"follow","max-snippet":"max-snippet:-1","max-image-preview":"max-image-preview:large","max-video-preview":"max-video-preview:-1"},"canonical":"https:\/\/datavernietigingmichel.be\/bedrijf\/","og_locale":"fr_FR","og_type":"article","og_title":"Au sujet de \u00ab Datavernietiging Michel \u00bb | Datavernietiging Michel","og_description":"Au sujet de \u00ab Datavernietiging Michel \u00bb En tant que premier destructeur d'archives de Belgique, nous nous faisons un plaisir de vous faire profiter de notre exp\u00e9rience. Nos clients sont actifs dans diff\u00e9rents secteurs : Finance et assurance (banques, soci\u00e9t\u00e9s d'assurance, conseillers en placement, comptables,...) Secteur social (conseils communaux, CPAS, centres d'accueil, secr\u00e9tariats sociaux, services &hellip;","og_url":"https:\/\/datavernietigingmichel.be\/bedrijf\/","og_site_name":"Datavernietiging Michel","article_modified_time":"2016-12-08T10:35:34+00:00","twitter_card":"summary_large_image","schema":{"@context":"https:\/\/schema.org","@graph":[{"@type":"WebPage","@id":"https:\/\/datavernietigingmichel.be\/bedrijf\/","url":"https:\/\/datavernietigingmichel.be\/bedrijf\/","name":"Au sujet de \u00ab Datavernietiging Michel \u00bb | Datavernietiging Michel","isPartOf":{"@id":"https:\/\/datavernietigingmichel.be\/#website"},"datePublished":"2016-12-08T09:13:29+00:00","dateModified":"2016-12-08T10:35:34+00:00","breadcrumb":{"@id":"https:\/\/datavernietigingmichel.be\/bedrijf\/#breadcrumb"},"inLanguage":"fr-FR","potentialAction":[{"@type":"ReadAction","target":["https:\/\/datavernietigingmichel.be\/bedrijf\/"]}]},{"@type":"BreadcrumbList","@id":"https:\/\/datavernietigingmichel.be\/bedrijf\/#breadcrumb","itemListElement":[{"@type":"ListItem","position":1,"name":"Home","item":"https:\/\/datavernietigingmichel.be\/fr\/"},{"@type":"ListItem","position":2,"name":"Au sujet de \u00ab Datavernietiging Michel \u00bb"}]},{"@type":"WebSite","@id":"https:\/\/datavernietigingmichel.be\/#website","url":"https:\/\/datavernietigingmichel.be\/","name":"Datavernietiging Michel","description":"Ophaling en vernietiging van datadragers","potentialAction":[{"@type":"SearchAction","target":{"@type":"EntryPoint","urlTemplate":"https:\/\/datavernietigingmichel.be\/?s={search_term_string}"},"query-input":{"@type":"PropertyValueSpecification","valueRequired":true,"valueName":"search_term_string"}}],"inLanguage":"fr-FR"}]}},"_links":{"self":[{"href":"https:\/\/datavernietigingmichel.be\/fr\/wp-json\/wp\/v2\/pages\/1179"}],"collection":[{"href":"https:\/\/datavernietigingmichel.be\/fr\/wp-json\/wp\/v2\/pages"}],"about":[{"href":"https:\/\/datavernietigingmichel.be\/fr\/wp-json\/wp\/v2\/types\/page"}],"author":[{"embeddable":true,"href":"https:\/\/datavernietigingmichel.be\/fr\/wp-json\/wp\/v2\/users\/1"}],"replies":[{"embeddable":true,"href":"https:\/\/datavernietigingmichel.be\/fr\/wp-json\/wp\/v2\/comments?post=1179"}],"version-history":[{"count":2,"href":"https:\/\/datavernietigingmichel.be\/fr\/wp-json\/wp\/v2\/pages\/1179\/revisions"}],"predecessor-version":[{"id":1255,"href":"https:\/\/datavernietigingmichel.be\/fr\/wp-json\/wp\/v2\/pages\/1179\/revisions\/1255"}],"wp:attachment":[{"href":"https:\/\/datavernietigingmichel.be\/fr\/wp-json\/wp\/v2\/media?parent=1179"}],"curies":[{"name":"wp","href":"https:\/\/api.w.org\/{rel}","templated":true}]}}