{"id":1177,"date":"2016-12-08T10:06:26","date_gmt":"2016-12-08T09:06:26","guid":{"rendered":"https:\/\/datavernietigingmichel.be\/?page_id=1177&#038;lang=fr"},"modified":"2016-12-08T11:47:45","modified_gmt":"2016-12-08T10:47:45","slug":"destruction-de-donnees","status":"publish","type":"page","link":"https:\/\/datavernietigingmichel.be\/fr\/destruction-de-donnees\/","title":{"rendered":"Destruction de donn\u00e9es"},"content":{"rendered":"<div id=\"pl-1177\"  class=\"panel-layout\" ><div id=\"pg-1177-0\"  class=\"panel-grid panel-no-style\" ><div id=\"pgc-1177-0-0\"  class=\"panel-grid-cell\" ><div id=\"panel-1177-0-0-0\" class=\"so-panel widget widget_sow-editor panel-first-child panel-last-child\" data-index=\"0\" ><div\n\t\t\t\n\t\t\tclass=\"so-widget-sow-editor so-widget-sow-editor-base\"\n\t\t\t\n\t\t>\n<div class=\"siteorigin-widget-tinymce textwidget\">\n\t<h2>Qu'est-ce qui est le plus confidentiel\u00a0?<\/h2>\n<ul>\n<li>Les documents sur lesquels vous travaillez aujourd'hui\u00a0?<\/li>\n<li>Les documents archiv\u00e9s d'il y a x ann\u00e9es\u00a0?<\/li>\n<\/ul>\n<p><strong>Nous d\u00e9truisons\u00a0:<\/strong> archives, dossiers, administration personnelle, budgets, donn\u00e9es du personnel, fiches de paie, bons valeurs, proc\u00e9dures de production ou recettes secr\u00e8tes, d\u00e9cisions strat\u00e9giques de gestion, correspondance, dossiers m\u00e9dicaux, dossiers de clients ou de fournisseurs, contrats, ch\u00e8ques(-repas),\u2026<\/p>\n<p><strong>Nous d\u00e9truisons aussi\u00a0: <\/strong>enregistrements audio, microfiches, disquettes, disques durs, cassettes, films, cd, dvd, bandes magn\u00e9tiques, cartes de banque, images radio,\u2026<\/p>\n<p>Nous disposons d'une <strong>\u00ab\u00a0High Security Division\u00a0\u00bb<\/strong>, situ\u00e9e \u00e0 Asse-Mollem. Ce d\u00e9partement sp\u00e9cialis\u00e9 est situ\u00e9 dans des locaux dont la s\u00e9curit\u00e9 est certifi\u00e9e par les autorit\u00e9s comp\u00e9tentes, et dont tant le b\u00e2timent que les collaborateurs portent la plus haute certification en mati\u00e8re de pr\u00e9vention. Ces derniers travaillent ici conform\u00e9ment aux r\u00e9glementations strictes DIN et OTAN.<\/p>\n<a class=\"btn  btn-primary\" href=\"https:\/\/datavernietigingmichel.be\/datavernietiging\/werkwijze\/\" target=\"_self\"> Comment \u00e7a fonctionne?<\/a>\n<\/div>\n<\/div><\/div><\/div><\/div><div id=\"pg-1177-1\"  class=\"panel-grid panel-no-style\" ><div id=\"pgc-1177-1-0\"  class=\"panel-grid-cell\" ><div id=\"panel-1177-1-0-0\" class=\"so-panel widget widget_pw_featured_page widget-featured-page panel-first-child panel-last-child\" data-index=\"1\" >\n\t<div class=\"page-box  page-box--inline\">\n\t\t\t\t\t<a class=\"page-box__picture\" href=\"https:\/\/datavernietigingmichel.be\/datavernietiging\/archieven-en-data\/\"><img loading=\"lazy\" decoding=\"async\" width=\"100\" height=\"70\" src=\"https:\/\/datavernietigingmichel.be\/wp-content\/uploads\/2016\/08\/datadragers-100x70.jpg\" class=\"attachment-pw-inline size-pw-inline wp-post-image\" alt=\"afbeelding van datadragers\" \/><\/a>\n\t\t\t\t<div class=\"page-box__content\">\n\t\t\t<h4 class=\"page-box__title\"><a href=\"https:\/\/datavernietigingmichel.be\/datavernietiging\/archieven-en-data\/\">Archieven<\/a><\/h4>\n\t\t\t<p class=\"page-box__text\">Vernietiging archieven\nWe bieden oplossingen op maat, vanaf &hellip;<\/p>\n\t\t\t\t\t<\/div>\n\t<\/div>\n\n<\/div><\/div><div id=\"pgc-1177-1-1\"  class=\"panel-grid-cell panel-grid-cell-mobile-last\" ><div id=\"panel-1177-1-1-0\" class=\"so-panel widget widget_pw_featured_page widget-featured-page panel-first-child panel-last-child\" data-index=\"2\" >\n\t<div class=\"page-box  page-box--inline\">\n\t\t\t\t\t<a class=\"page-box__picture\" href=\"https:\/\/datavernietigingmichel.be\/datavernietiging\/real-time\/\"><img loading=\"lazy\" decoding=\"async\" width=\"100\" height=\"70\" src=\"https:\/\/datavernietigingmichel.be\/wp-content\/uploads\/2016\/08\/img_4689-100x70.jpg\" class=\"attachment-pw-inline size-pw-inline wp-post-image\" alt=\"\" \/><\/a>\n\t\t\t\t<div class=\"page-box__content\">\n\t\t\t<h4 class=\"page-box__title\"><a href=\"https:\/\/datavernietigingmichel.be\/datavernietiging\/real-time\/\">Real-Time<\/a><\/h4>\n\t\t\t<p class=\"page-box__text\">Real-time vernietiging\nDe vernietiging van uw archieven &hellip;<\/p>\n\t\t\t\t\t<\/div>\n\t<\/div>\n\n<\/div><\/div><div id=\"pgc-1177-1-2\"  class=\"panel-grid-cell panel-grid-cell-empty\" ><\/div><\/div><\/div>","protected":false},"excerpt":{"rendered":"<p>Qu&rsquo;est-ce qui est le plus confidentiel\u00a0?Les documents sur lesquels vous travaillez aujourd&rsquo;hui\u00a0?Les documents archiv\u00e9s d&rsquo;il y a x ann\u00e9es\u00a0?Nous d\u00e9truisons\u00a0: archives, dossiers, administration personnelle, budgets, donn\u00e9es du personnel, fiches de paie, bons valeurs, proc\u00e9dures de production ou recettes secr\u00e8tes, d\u00e9cisions strat\u00e9giques de gestion, correspondance, dossiers m\u00e9dicaux, dossiers de clients ou de fournisseurs, contrats, ch\u00e8ques(-repas),\u2026Nous d\u00e9truisons &hellip;<\/p>\n","protected":false},"author":1,"featured_media":0,"parent":0,"menu_order":0,"comment_status":"closed","ping_status":"closed","template":"","meta":{"footnotes":""},"yoast_head":"<!-- This site is optimized with the Yoast SEO plugin v24.5 - https:\/\/yoast.com\/wordpress\/plugins\/seo\/ -->\n<title>Destruction de donn\u00e9es | Datavernietiging Michel<\/title>\n<meta name=\"robots\" content=\"index, follow, max-snippet:-1, max-image-preview:large, max-video-preview:-1\" \/>\n<link rel=\"canonical\" href=\"https:\/\/datavernietigingmichel.be\/datavernietiging\/\" \/>\n<meta property=\"og:locale\" content=\"fr_FR\" \/>\n<meta property=\"og:type\" content=\"article\" \/>\n<meta property=\"og:title\" content=\"Destruction de donn\u00e9es | Datavernietiging Michel\" \/>\n<meta property=\"og:description\" content=\"Qu&#039;est-ce qui est le plus confidentiel\u00a0?Les documents sur lesquels vous travaillez aujourd&#039;hui\u00a0?Les documents archiv\u00e9s d&#039;il y a x ann\u00e9es\u00a0?Nous d\u00e9truisons\u00a0: archives, dossiers, administration personnelle, budgets, donn\u00e9es du personnel, fiches de paie, bons valeurs, proc\u00e9dures de production ou recettes secr\u00e8tes, d\u00e9cisions strat\u00e9giques de gestion, correspondance, dossiers m\u00e9dicaux, dossiers de clients ou de fournisseurs, contrats, ch\u00e8ques(-repas),\u2026Nous d\u00e9truisons &hellip;\" \/>\n<meta property=\"og:url\" content=\"https:\/\/datavernietigingmichel.be\/datavernietiging\/\" \/>\n<meta property=\"og:site_name\" content=\"Datavernietiging Michel\" \/>\n<meta property=\"article:modified_time\" content=\"2016-12-08T10:47:45+00:00\" \/>\n<meta property=\"og:image\" content=\"https:\/\/datavernietigingmichel.be\/wp-content\/uploads\/2016\/08\/datadragers-100x70.jpg\" \/>\n<meta name=\"twitter:card\" content=\"summary_large_image\" \/>\n<meta name=\"twitter:label1\" content=\"Dur\u00e9e de lecture estim\u00e9e\" \/>\n\t<meta name=\"twitter:data1\" content=\"1 minute\" \/>\n<script type=\"application\/ld+json\" class=\"yoast-schema-graph\">{\"@context\":\"https:\/\/schema.org\",\"@graph\":[{\"@type\":\"WebPage\",\"@id\":\"https:\/\/datavernietigingmichel.be\/datavernietiging\/\",\"url\":\"https:\/\/datavernietigingmichel.be\/datavernietiging\/\",\"name\":\"Destruction de donn\u00e9es | Datavernietiging Michel\",\"isPartOf\":{\"@id\":\"https:\/\/datavernietigingmichel.be\/#website\"},\"primaryImageOfPage\":{\"@id\":\"https:\/\/datavernietigingmichel.be\/datavernietiging\/#primaryimage\"},\"image\":{\"@id\":\"https:\/\/datavernietigingmichel.be\/datavernietiging\/#primaryimage\"},\"thumbnailUrl\":\"https:\/\/datavernietigingmichel.be\/wp-content\/uploads\/2016\/08\/datadragers-100x70.jpg\",\"datePublished\":\"2016-12-08T09:06:26+00:00\",\"dateModified\":\"2016-12-08T10:47:45+00:00\",\"breadcrumb\":{\"@id\":\"https:\/\/datavernietigingmichel.be\/datavernietiging\/#breadcrumb\"},\"inLanguage\":\"fr-FR\",\"potentialAction\":[{\"@type\":\"ReadAction\",\"target\":[\"https:\/\/datavernietigingmichel.be\/datavernietiging\/\"]}]},{\"@type\":\"ImageObject\",\"inLanguage\":\"fr-FR\",\"@id\":\"https:\/\/datavernietigingmichel.be\/datavernietiging\/#primaryimage\",\"url\":\"https:\/\/datavernietigingmichel.be\/wp-content\/uploads\/2016\/08\/datadragers-100x70.jpg\",\"contentUrl\":\"https:\/\/datavernietigingmichel.be\/wp-content\/uploads\/2016\/08\/datadragers-100x70.jpg\"},{\"@type\":\"BreadcrumbList\",\"@id\":\"https:\/\/datavernietigingmichel.be\/datavernietiging\/#breadcrumb\",\"itemListElement\":[{\"@type\":\"ListItem\",\"position\":1,\"name\":\"Home\",\"item\":\"https:\/\/datavernietigingmichel.be\/fr\/\"},{\"@type\":\"ListItem\",\"position\":2,\"name\":\"Destruction de donn\u00e9es\"}]},{\"@type\":\"WebSite\",\"@id\":\"https:\/\/datavernietigingmichel.be\/#website\",\"url\":\"https:\/\/datavernietigingmichel.be\/\",\"name\":\"Datavernietiging Michel\",\"description\":\"Ophaling en vernietiging van datadragers\",\"potentialAction\":[{\"@type\":\"SearchAction\",\"target\":{\"@type\":\"EntryPoint\",\"urlTemplate\":\"https:\/\/datavernietigingmichel.be\/?s={search_term_string}\"},\"query-input\":{\"@type\":\"PropertyValueSpecification\",\"valueRequired\":true,\"valueName\":\"search_term_string\"}}],\"inLanguage\":\"fr-FR\"}]}<\/script>\n<!-- \/ Yoast SEO plugin. -->","yoast_head_json":{"title":"Destruction de donn\u00e9es | Datavernietiging Michel","robots":{"index":"index","follow":"follow","max-snippet":"max-snippet:-1","max-image-preview":"max-image-preview:large","max-video-preview":"max-video-preview:-1"},"canonical":"https:\/\/datavernietigingmichel.be\/datavernietiging\/","og_locale":"fr_FR","og_type":"article","og_title":"Destruction de donn\u00e9es | Datavernietiging Michel","og_description":"Qu'est-ce qui est le plus confidentiel\u00a0?Les documents sur lesquels vous travaillez aujourd'hui\u00a0?Les documents archiv\u00e9s d'il y a x ann\u00e9es\u00a0?Nous d\u00e9truisons\u00a0: archives, dossiers, administration personnelle, budgets, donn\u00e9es du personnel, fiches de paie, bons valeurs, proc\u00e9dures de production ou recettes secr\u00e8tes, d\u00e9cisions strat\u00e9giques de gestion, correspondance, dossiers m\u00e9dicaux, dossiers de clients ou de fournisseurs, contrats, ch\u00e8ques(-repas),\u2026Nous d\u00e9truisons &hellip;","og_url":"https:\/\/datavernietigingmichel.be\/datavernietiging\/","og_site_name":"Datavernietiging Michel","article_modified_time":"2016-12-08T10:47:45+00:00","og_image":[{"url":"https:\/\/datavernietigingmichel.be\/wp-content\/uploads\/2016\/08\/datadragers-100x70.jpg","type":"","width":"","height":""}],"twitter_card":"summary_large_image","twitter_misc":{"Dur\u00e9e de lecture estim\u00e9e":"1 minute"},"schema":{"@context":"https:\/\/schema.org","@graph":[{"@type":"WebPage","@id":"https:\/\/datavernietigingmichel.be\/datavernietiging\/","url":"https:\/\/datavernietigingmichel.be\/datavernietiging\/","name":"Destruction de donn\u00e9es | Datavernietiging Michel","isPartOf":{"@id":"https:\/\/datavernietigingmichel.be\/#website"},"primaryImageOfPage":{"@id":"https:\/\/datavernietigingmichel.be\/datavernietiging\/#primaryimage"},"image":{"@id":"https:\/\/datavernietigingmichel.be\/datavernietiging\/#primaryimage"},"thumbnailUrl":"https:\/\/datavernietigingmichel.be\/wp-content\/uploads\/2016\/08\/datadragers-100x70.jpg","datePublished":"2016-12-08T09:06:26+00:00","dateModified":"2016-12-08T10:47:45+00:00","breadcrumb":{"@id":"https:\/\/datavernietigingmichel.be\/datavernietiging\/#breadcrumb"},"inLanguage":"fr-FR","potentialAction":[{"@type":"ReadAction","target":["https:\/\/datavernietigingmichel.be\/datavernietiging\/"]}]},{"@type":"ImageObject","inLanguage":"fr-FR","@id":"https:\/\/datavernietigingmichel.be\/datavernietiging\/#primaryimage","url":"https:\/\/datavernietigingmichel.be\/wp-content\/uploads\/2016\/08\/datadragers-100x70.jpg","contentUrl":"https:\/\/datavernietigingmichel.be\/wp-content\/uploads\/2016\/08\/datadragers-100x70.jpg"},{"@type":"BreadcrumbList","@id":"https:\/\/datavernietigingmichel.be\/datavernietiging\/#breadcrumb","itemListElement":[{"@type":"ListItem","position":1,"name":"Home","item":"https:\/\/datavernietigingmichel.be\/fr\/"},{"@type":"ListItem","position":2,"name":"Destruction de donn\u00e9es"}]},{"@type":"WebSite","@id":"https:\/\/datavernietigingmichel.be\/#website","url":"https:\/\/datavernietigingmichel.be\/","name":"Datavernietiging Michel","description":"Ophaling en vernietiging van datadragers","potentialAction":[{"@type":"SearchAction","target":{"@type":"EntryPoint","urlTemplate":"https:\/\/datavernietigingmichel.be\/?s={search_term_string}"},"query-input":{"@type":"PropertyValueSpecification","valueRequired":true,"valueName":"search_term_string"}}],"inLanguage":"fr-FR"}]}},"_links":{"self":[{"href":"https:\/\/datavernietigingmichel.be\/fr\/wp-json\/wp\/v2\/pages\/1177"}],"collection":[{"href":"https:\/\/datavernietigingmichel.be\/fr\/wp-json\/wp\/v2\/pages"}],"about":[{"href":"https:\/\/datavernietigingmichel.be\/fr\/wp-json\/wp\/v2\/types\/page"}],"author":[{"embeddable":true,"href":"https:\/\/datavernietigingmichel.be\/fr\/wp-json\/wp\/v2\/users\/1"}],"replies":[{"embeddable":true,"href":"https:\/\/datavernietigingmichel.be\/fr\/wp-json\/wp\/v2\/comments?post=1177"}],"version-history":[{"count":2,"href":"https:\/\/datavernietigingmichel.be\/fr\/wp-json\/wp\/v2\/pages\/1177\/revisions"}],"predecessor-version":[{"id":1258,"href":"https:\/\/datavernietigingmichel.be\/fr\/wp-json\/wp\/v2\/pages\/1177\/revisions\/1258"}],"wp:attachment":[{"href":"https:\/\/datavernietigingmichel.be\/fr\/wp-json\/wp\/v2\/media?parent=1177"}],"curies":[{"name":"wp","href":"https:\/\/api.w.org\/{rel}","templated":true}]}}