{"id":1175,"date":"2016-12-08T09:59:41","date_gmt":"2016-12-08T08:59:41","guid":{"rendered":"https:\/\/datavernietigingmichel.be\/?page_id=1175&#038;lang=fr"},"modified":"2016-12-08T12:08:02","modified_gmt":"2016-12-08T11:08:02","slug":"datavernietiging-michel","status":"publish","type":"page","link":"https:\/\/datavernietigingmichel.be\/fr\/","title":{"rendered":"Datavernietiging Michel"},"content":{"rendered":"<div id=\"pl-1175\"  class=\"panel-layout\" ><div id=\"pg-1175-0\"  class=\"panel-grid panel-no-style\" ><div id=\"pgc-1175-0-0\"  class=\"panel-grid-cell\" ><div id=\"panel-1175-0-0-0\" class=\"so-panel widget panel-first-child panel-last-child\" data-index=\"0\" ><\/div><\/div><\/div><div id=\"pg-1175-1\"  class=\"panel-grid panel-has-style\" ><div class=\"panel-row-style panel-row-style-for-1175-1\" ><div id=\"pgc-1175-1-0\"  class=\"panel-grid-cell\" ><div id=\"panel-1175-1-0-0\" class=\"so-panel widget widget_text panel-first-child\" data-index=\"1\" ><h3 class=\"widget-title\"><span class=\"widget-title__inline\">Destruction de donn\u00e9es \u2013 Nous assurons l&rsquo;enl\u00e8vement et la destruction de documents confidentiels et supports de donn\u00e9es.<\/span><\/h3>\t\t\t<div class=\"textwidget\">Nous proc\u00e9dons de fa\u00e7on s\u00e9curis\u00e9e. Chaque destruction d'archive et destruction de support est suivie de l'\u00e9mission d'une attestation de garantie de destruction. \n<\/div>\n\t\t<\/div><div id=\"panel-1175-1-0-1\" class=\"so-panel widget widget_sow-button panel-last-child\" data-index=\"2\" ><div\n\t\t\t\n\t\t\tclass=\"so-widget-sow-button so-widget-sow-button-flat-8a2ef42becce-1175\"\n\t\t\t\n\t\t><div class=\"ow-button-base ow-button-align-left\"\n>\n\t\t\t<a\n\t\t\t\t\thref=\"https:\/\/datavernietigingmichel.be\/contactez-nous\/?lang=fr\"\n\t\t\t\t\tclass=\"sowb-button ow-icon-placement-left ow-button-hover\" \t>\n\t\t<span>\n\t\t\t\n\t\t\tCONTACTEZ-NOUS\t\t<\/span>\n\t\t\t<\/a>\n\t<\/div>\n<\/div><\/div><\/div><div id=\"pgc-1175-1-1\"  class=\"panel-grid-cell\" ><div id=\"panel-1175-1-1-0\" class=\"so-panel widget widget_text panel-first-child\" data-index=\"3\" ><h3 class=\"widget-title\"><span class=\"widget-title__inline\">D\u00e9mant\u00e8lement \u2013 Nous proposons une solution compl\u00e8te pour l&rsquo;enl\u00e8vement et le d\u00e9mant\u00e8lement de tous types d&rsquo;\u00e9quipement \u00e9lectronique.<\/span><\/h3>\t\t\t<div class=\"textwidget\">Les d\u00e9chets d'\u00e9quipements \u00e9lectriques et \u00e9lectroniques - tels les ordinateurs, imprimantes, t\u00e9l\u00e9phones, etc. - sont enlev\u00e9s, d\u00e9mantel\u00e9s et tri\u00e9s. Toutes les fractions sont recycl\u00e9es.\n\n\n\n<\/div>\n\t\t<\/div><div id=\"panel-1175-1-1-1\" class=\"so-panel widget widget_sow-button panel-last-child\" data-index=\"4\" ><div\n\t\t\t\n\t\t\tclass=\"so-widget-sow-button so-widget-sow-button-flat-8a2ef42becce-1175\"\n\t\t\t\n\t\t><div class=\"ow-button-base ow-button-align-left\"\n>\n\t\t\t<a\n\t\t\t\t\thref=\"https:\/\/datavernietigingmichel.be\/contactez-nous\/?lang=fr\"\n\t\t\t\t\tclass=\"sowb-button ow-icon-placement-left ow-button-hover\" \t>\n\t\t<span>\n\t\t\t\n\t\t\tCONTACTEZ-NOUS\t\t<\/span>\n\t\t\t<\/a>\n\t<\/div>\n<\/div><\/div><\/div><\/div><\/div><div id=\"pg-1175-2\"  class=\"panel-grid panel-has-style\" ><div class=\"siteorigin-panels-stretch panel-row-style panel-row-style-for-1175-2\" data-stretch-type=\"full\" ><div id=\"pgc-1175-2-0\"  class=\"panel-grid-cell\" ><div id=\"panel-1175-2-0-0\" class=\"so-panel widget widget_pw_call_to_action widget-call-to-action panel-first-child panel-last-child\" data-index=\"5\" >\t\t\t\t<div class=\"call-to-action\">\n\t\t\t\t\t<div class=\"call-to-action__text\">\n\t\t\t\t\t\t<h4 class=\"call-to-action__title\">\n\t\t\t\t\t\t\tDestruction <b>confidentielle<\/b>\t\t\t\t\t\t<\/h4>\n\t\t\t\t\t\t\t\t\t\t\t\t<p class=\"call-to-action__subtitle\">\n\t\t\t\t\t\t\tVotre garantie s\u00e9curit\u00e9 \t\t\t\t\t\t<\/p>\n\t\t\t\t\t\t\t\t\t\t\t<\/div>\n\t\t\t\t\t<div class=\"call-to-action__button\">\n\t\t\t\t\t\t<a class=\"btn  btn-primary\" href=\"https:\/\/datavernietigingmichel.be\/destruction-de-donnees\/fonctionnement\/?lang=fr\" target=\"_self\"> FONCTIONNEMENT<\/a><a class=\"btn  btn-primary\" href=\"https:\/\/datavernietigingmichel.be\/contactez-nous\/\" target=\"_self\"> CONTACTEZ-NOUS<\/a>\t\t\t\t\t<\/div>\n\t\t\t\t<\/div>\n\t\t\t<\/div><\/div><\/div><\/div><div id=\"pg-1175-3\"  class=\"panel-grid panel-no-style\" ><div id=\"pgc-1175-3-0\"  class=\"panel-grid-cell\" ><div id=\"panel-1175-3-0-0\" class=\"so-panel widget widget_pw_featured_page widget-featured-page panel-first-child panel-last-child\" data-index=\"6\" >\n\t<div class=\"page-box  page-box--inline\">\n\t\t\t\t\t<a class=\"page-box__picture\" href=\"https:\/\/datavernietigingmichel.be\/fr\/destruction-de-donnees\/conteneurs\/\"><img loading=\"lazy\" decoding=\"async\" width=\"100\" height=\"70\" src=\"https:\/\/datavernietigingmichel.be\/wp-content\/uploads\/2016\/08\/verhuur-containers-1100-liter-100x70.jpg\" class=\"attachment-pw-inline size-pw-inline wp-post-image\" alt=\"\" \/><\/a>\n\t\t\t\t<div class=\"page-box__content\">\n\t\t\t<h4 class=\"page-box__title\"><a href=\"https:\/\/datavernietigingmichel.be\/fr\/destruction-de-donnees\/conteneurs\/\">Conteneurs<\/a><\/h4>\n\t\t\t<p class=\"page-box__text\">conteneur 240 litres\t\t\thauteur: 107cm\r\nlargeur: 58 cm\r\nprofondeur: &hellip;<\/p>\n\t\t\t\t\t<\/div>\n\t<\/div>\n\n<\/div><\/div><div id=\"pgc-1175-3-1\"  class=\"panel-grid-cell\" ><div id=\"panel-1175-3-1-0\" class=\"so-panel widget widget_pw_featured_page widget-featured-page panel-first-child panel-last-child\" data-index=\"7\" >\n\t<div class=\"page-box  page-box--inline\">\n\t\t\t\t\t<a class=\"page-box__picture\" href=\"https:\/\/datavernietigingmichel.be\/fr\/destruction-de-donnees\/archieven-en-datadragers\/\"><img loading=\"lazy\" decoding=\"async\" width=\"100\" height=\"70\" src=\"https:\/\/datavernietigingmichel.be\/wp-content\/uploads\/2016\/08\/datadragers-100x70.jpg\" class=\"attachment-pw-inline size-pw-inline wp-post-image\" alt=\"\" \/><\/a>\n\t\t\t\t<div class=\"page-box__content\">\n\t\t\t<h4 class=\"page-box__title\"><a href=\"https:\/\/datavernietigingmichel.be\/fr\/destruction-de-donnees\/archieven-en-datadragers\/\">Archives et supports de donn\u00e9es<\/a><\/h4>\n\t\t\t<p class=\"page-box__text\">Nous proposons des solutions sur mesure, de 1 kg \u00e0 diff\u00e9rentes &hellip;<\/p>\n\t\t\t\t\t<\/div>\n\t<\/div>\n\n<\/div><\/div><div id=\"pgc-1175-3-2\"  class=\"panel-grid-cell\" ><div id=\"panel-1175-3-2-0\" class=\"so-panel widget widget_pw_featured_page widget-featured-page panel-first-child panel-last-child\" data-index=\"8\" >\n\t<div class=\"page-box  page-box--inline\">\n\t\t\t\t\t<a class=\"page-box__picture\" href=\"https:\/\/datavernietigingmichel.be\/fr\/?page_id=1186\"><img loading=\"lazy\" decoding=\"async\" width=\"100\" height=\"70\" src=\"https:\/\/datavernietigingmichel.be\/wp-content\/uploads\/2016\/08\/high-security-division-100x70.jpg\" class=\"attachment-pw-inline size-pw-inline wp-post-image\" alt=\"\" \/><\/a>\n\t\t\t\t<div class=\"page-box__content\">\n\t\t\t<h4 class=\"page-box__title\"><a href=\"https:\/\/datavernietigingmichel.be\/fr\/?page_id=1186\">Haute s\u00e9curit\u00e9<\/a><\/h4>\n\t\t\t<p class=\"page-box__text\">Division Haute Securit\u00e9\n\n\tNotre \"High security division\" &hellip;<\/p>\n\t\t\t\t\t<\/div>\n\t<\/div>\n\n<\/div><\/div><\/div><div id=\"pg-1175-4\"  class=\"panel-grid panel-no-style\" ><div id=\"pgc-1175-4-0\"  class=\"panel-grid-cell\" ><div id=\"panel-1175-4-0-0\" class=\"so-panel widget widget_pw_featured_page widget-featured-page panel-first-child panel-last-child\" data-index=\"9\" >\n\t<div class=\"page-box  page-box--inline\">\n\t\t\t\t\t<a class=\"page-box__picture\" href=\"https:\/\/datavernietigingmichel.be\/fr\/recyclage\/\"><img loading=\"lazy\" decoding=\"async\" width=\"100\" height=\"70\" src=\"https:\/\/datavernietigingmichel.be\/wp-content\/uploads\/2016\/10\/earth-661447_1920-100x70.jpg\" class=\"attachment-pw-inline size-pw-inline wp-post-image\" alt=\"\" \/><\/a>\n\t\t\t\t<div class=\"page-box__content\">\n\t\t\t<h4 class=\"page-box__title\"><a href=\"https:\/\/datavernietigingmichel.be\/fr\/recyclage\/\">Recyclage<\/a><\/h4>\n\t\t\t<p class=\"page-box__text\">Pas de d\u00e9chets, uniquement de la mati\u00e8re premi\u00e8re !\r\n100% &hellip;<\/p>\n\t\t\t\t\t<\/div>\n\t<\/div>\n\n<\/div><\/div><div id=\"pgc-1175-4-1\"  class=\"panel-grid-cell\" ><div id=\"panel-1175-4-1-0\" class=\"so-panel widget widget_pw_featured_page widget-featured-page panel-first-child panel-last-child\" data-index=\"10\" >\n\t<div class=\"page-box  page-box--inline\">\n\t\t\t\t\t<a class=\"page-box__picture\" href=\"https:\/\/datavernietigingmichel.be\/fr\/destruction-de-donnees\/destruction-en-temps-reel\/\"><img loading=\"lazy\" decoding=\"async\" width=\"100\" height=\"70\" src=\"https:\/\/datavernietigingmichel.be\/wp-content\/uploads\/2016\/08\/img_4689-100x70.jpg\" class=\"attachment-pw-inline size-pw-inline wp-post-image\" alt=\"\" \/><\/a>\n\t\t\t\t<div class=\"page-box__content\">\n\t\t\t<h4 class=\"page-box__title\"><a href=\"https:\/\/datavernietigingmichel.be\/fr\/destruction-de-donnees\/destruction-en-temps-reel\/\">Destruction en temps r\u00e9el<\/a><\/h4>\n\t\t\t<p class=\"page-box__text\">Destruction en temps r\u00e9el\n\n\tVous pouvez assister \u00e0 la &hellip;<\/p>\n\t\t\t\t\t<\/div>\n\t<\/div>\n\n<\/div><\/div><div id=\"pgc-1175-4-2\"  class=\"panel-grid-cell\" ><div id=\"panel-1175-4-2-0\" class=\"so-panel widget widget_pw_featured_page widget-featured-page panel-first-child panel-last-child\" data-index=\"11\" >\n\t<div class=\"page-box  page-box--inline\">\n\t\t\t\t\t<a class=\"page-box__picture\" href=\"https:\/\/datavernietigingmichel.be\/fr\/?page_id=1192\"><img loading=\"lazy\" decoding=\"async\" width=\"100\" height=\"70\" src=\"https:\/\/datavernietigingmichel.be\/wp-content\/uploads\/2016\/08\/s-100x70.jpg\" class=\"attachment-pw-inline size-pw-inline wp-post-image\" alt=\"\" \/><\/a>\n\t\t\t\t<div class=\"page-box__content\">\n\t\t\t<h4 class=\"page-box__title\"><a href=\"https:\/\/datavernietigingmichel.be\/fr\/?page_id=1192\">D\u00e9mant\u00e8lement<\/a><\/h4>\n\t\t\t<p class=\"page-box__text\">D\u00e9mant\u00e8lement\n\n\tNous disposons d'un d\u00e9p\u00f4t de d\u00e9mant\u00e8lement &hellip;<\/p>\n\t\t\t\t\t<\/div>\n\t<\/div>\n\n<\/div><\/div><\/div><\/div>","protected":false},"excerpt":{"rendered":"<p>Nous proc\u00e9dons de fa\u00e7on s\u00e9curis\u00e9e. Chaque destruction d&rsquo;archive et destruction de support est suivie de l&rsquo;\u00e9mission d&rsquo;une attestation de garantie de destruction. Les d\u00e9chets d&rsquo;\u00e9quipements \u00e9lectriques et \u00e9lectroniques &#8211; tels les ordinateurs, imprimantes, t\u00e9l\u00e9phones, etc. &#8211; sont enlev\u00e9s, d\u00e9mantel\u00e9s et tri\u00e9s. Toutes les fractions sont recycl\u00e9es.<\/p>\n","protected":false},"author":1,"featured_media":0,"parent":0,"menu_order":0,"comment_status":"closed","ping_status":"open","template":"template-front-page-slider-alt.php","meta":{"footnotes":""},"yoast_head":"<!-- This site is optimized with the Yoast SEO plugin v24.5 - https:\/\/yoast.com\/wordpress\/plugins\/seo\/ -->\n<title>Datavernietiging Michel | Datavernietiging Michel<\/title>\n<meta name=\"robots\" content=\"index, follow, max-snippet:-1, max-image-preview:large, max-video-preview:-1\" \/>\n<link rel=\"canonical\" href=\"https:\/\/datavernietigingmichel.be\/fr\/\" \/>\n<meta property=\"og:locale\" content=\"fr_FR\" \/>\n<meta property=\"og:type\" content=\"article\" \/>\n<meta property=\"og:title\" content=\"Datavernietiging Michel | Datavernietiging Michel\" \/>\n<meta property=\"og:description\" content=\"Nous proc\u00e9dons de fa\u00e7on s\u00e9curis\u00e9e. Chaque destruction d&#039;archive et destruction de support est suivie de l&#039;\u00e9mission d&#039;une attestation de garantie de destruction. Les d\u00e9chets d&#039;\u00e9quipements \u00e9lectriques et \u00e9lectroniques - tels les ordinateurs, imprimantes, t\u00e9l\u00e9phones, etc. - sont enlev\u00e9s, d\u00e9mantel\u00e9s et tri\u00e9s. Toutes les fractions sont recycl\u00e9es.\" \/>\n<meta property=\"og:url\" content=\"https:\/\/datavernietigingmichel.be\/fr\/\" \/>\n<meta property=\"og:site_name\" content=\"Datavernietiging Michel\" \/>\n<meta property=\"article:modified_time\" content=\"2016-12-08T11:08:02+00:00\" \/>\n<meta property=\"og:image\" content=\"https:\/\/datavernietigingmichel.be\/wp-content\/uploads\/2016\/10\/DVM-truck.jpg\" \/>\n<meta name=\"twitter:card\" content=\"summary_large_image\" \/>\n<meta name=\"twitter:label1\" content=\"Dur\u00e9e de lecture estim\u00e9e\" \/>\n\t<meta name=\"twitter:data1\" content=\"1 minute\" \/>\n<script type=\"application\/ld+json\" class=\"yoast-schema-graph\">{\"@context\":\"https:\/\/schema.org\",\"@graph\":[{\"@type\":\"WebPage\",\"@id\":\"https:\/\/datavernietigingmichel.be\/fr\/\",\"url\":\"https:\/\/datavernietigingmichel.be\/fr\/\",\"name\":\"Datavernietiging Michel | Datavernietiging Michel\",\"isPartOf\":{\"@id\":\"https:\/\/datavernietigingmichel.be\/#website\"},\"primaryImageOfPage\":{\"@id\":\"https:\/\/datavernietigingmichel.be\/fr\/#primaryimage\"},\"image\":{\"@id\":\"https:\/\/datavernietigingmichel.be\/fr\/#primaryimage\"},\"thumbnailUrl\":\"https:\/\/datavernietigingmichel.be\/wp-content\/uploads\/2016\/10\/DVM-truck.jpg\",\"datePublished\":\"2016-12-08T08:59:41+00:00\",\"dateModified\":\"2016-12-08T11:08:02+00:00\",\"breadcrumb\":{\"@id\":\"https:\/\/datavernietigingmichel.be\/fr\/#breadcrumb\"},\"inLanguage\":\"fr-FR\",\"potentialAction\":[{\"@type\":\"ReadAction\",\"target\":[\"https:\/\/datavernietigingmichel.be\/fr\/\"]}]},{\"@type\":\"ImageObject\",\"inLanguage\":\"fr-FR\",\"@id\":\"https:\/\/datavernietigingmichel.be\/fr\/#primaryimage\",\"url\":\"https:\/\/datavernietigingmichel.be\/wp-content\/uploads\/2016\/10\/DVM-truck.jpg\",\"contentUrl\":\"https:\/\/datavernietigingmichel.be\/wp-content\/uploads\/2016\/10\/DVM-truck.jpg\"},{\"@type\":\"BreadcrumbList\",\"@id\":\"https:\/\/datavernietigingmichel.be\/fr\/#breadcrumb\",\"itemListElement\":[{\"@type\":\"ListItem\",\"position\":1,\"name\":\"Home\",\"item\":\"https:\/\/datavernietigingmichel.be\/fr\/\"},{\"@type\":\"ListItem\",\"position\":2,\"name\":\"Datavernietiging Michel\"}]},{\"@type\":\"WebSite\",\"@id\":\"https:\/\/datavernietigingmichel.be\/#website\",\"url\":\"https:\/\/datavernietigingmichel.be\/\",\"name\":\"Datavernietiging Michel\",\"description\":\"Ophaling en vernietiging van datadragers\",\"potentialAction\":[{\"@type\":\"SearchAction\",\"target\":{\"@type\":\"EntryPoint\",\"urlTemplate\":\"https:\/\/datavernietigingmichel.be\/?s={search_term_string}\"},\"query-input\":{\"@type\":\"PropertyValueSpecification\",\"valueRequired\":true,\"valueName\":\"search_term_string\"}}],\"inLanguage\":\"fr-FR\"}]}<\/script>\n<!-- \/ Yoast SEO plugin. -->","yoast_head_json":{"title":"Datavernietiging Michel | Datavernietiging Michel","robots":{"index":"index","follow":"follow","max-snippet":"max-snippet:-1","max-image-preview":"max-image-preview:large","max-video-preview":"max-video-preview:-1"},"canonical":"https:\/\/datavernietigingmichel.be\/fr\/","og_locale":"fr_FR","og_type":"article","og_title":"Datavernietiging Michel | Datavernietiging Michel","og_description":"Nous proc\u00e9dons de fa\u00e7on s\u00e9curis\u00e9e. Chaque destruction d'archive et destruction de support est suivie de l'\u00e9mission d'une attestation de garantie de destruction. Les d\u00e9chets d'\u00e9quipements \u00e9lectriques et \u00e9lectroniques - tels les ordinateurs, imprimantes, t\u00e9l\u00e9phones, etc. - sont enlev\u00e9s, d\u00e9mantel\u00e9s et tri\u00e9s. Toutes les fractions sont recycl\u00e9es.","og_url":"https:\/\/datavernietigingmichel.be\/fr\/","og_site_name":"Datavernietiging Michel","article_modified_time":"2016-12-08T11:08:02+00:00","og_image":[{"url":"https:\/\/datavernietigingmichel.be\/wp-content\/uploads\/2016\/10\/DVM-truck.jpg","type":"","width":"","height":""}],"twitter_card":"summary_large_image","twitter_misc":{"Dur\u00e9e de lecture estim\u00e9e":"1 minute"},"schema":{"@context":"https:\/\/schema.org","@graph":[{"@type":"WebPage","@id":"https:\/\/datavernietigingmichel.be\/fr\/","url":"https:\/\/datavernietigingmichel.be\/fr\/","name":"Datavernietiging Michel | Datavernietiging Michel","isPartOf":{"@id":"https:\/\/datavernietigingmichel.be\/#website"},"primaryImageOfPage":{"@id":"https:\/\/datavernietigingmichel.be\/fr\/#primaryimage"},"image":{"@id":"https:\/\/datavernietigingmichel.be\/fr\/#primaryimage"},"thumbnailUrl":"https:\/\/datavernietigingmichel.be\/wp-content\/uploads\/2016\/10\/DVM-truck.jpg","datePublished":"2016-12-08T08:59:41+00:00","dateModified":"2016-12-08T11:08:02+00:00","breadcrumb":{"@id":"https:\/\/datavernietigingmichel.be\/fr\/#breadcrumb"},"inLanguage":"fr-FR","potentialAction":[{"@type":"ReadAction","target":["https:\/\/datavernietigingmichel.be\/fr\/"]}]},{"@type":"ImageObject","inLanguage":"fr-FR","@id":"https:\/\/datavernietigingmichel.be\/fr\/#primaryimage","url":"https:\/\/datavernietigingmichel.be\/wp-content\/uploads\/2016\/10\/DVM-truck.jpg","contentUrl":"https:\/\/datavernietigingmichel.be\/wp-content\/uploads\/2016\/10\/DVM-truck.jpg"},{"@type":"BreadcrumbList","@id":"https:\/\/datavernietigingmichel.be\/fr\/#breadcrumb","itemListElement":[{"@type":"ListItem","position":1,"name":"Home","item":"https:\/\/datavernietigingmichel.be\/fr\/"},{"@type":"ListItem","position":2,"name":"Datavernietiging Michel"}]},{"@type":"WebSite","@id":"https:\/\/datavernietigingmichel.be\/#website","url":"https:\/\/datavernietigingmichel.be\/","name":"Datavernietiging Michel","description":"Ophaling en vernietiging van datadragers","potentialAction":[{"@type":"SearchAction","target":{"@type":"EntryPoint","urlTemplate":"https:\/\/datavernietigingmichel.be\/?s={search_term_string}"},"query-input":{"@type":"PropertyValueSpecification","valueRequired":true,"valueName":"search_term_string"}}],"inLanguage":"fr-FR"}]}},"_links":{"self":[{"href":"https:\/\/datavernietigingmichel.be\/fr\/wp-json\/wp\/v2\/pages\/1175"}],"collection":[{"href":"https:\/\/datavernietigingmichel.be\/fr\/wp-json\/wp\/v2\/pages"}],"about":[{"href":"https:\/\/datavernietigingmichel.be\/fr\/wp-json\/wp\/v2\/types\/page"}],"author":[{"embeddable":true,"href":"https:\/\/datavernietigingmichel.be\/fr\/wp-json\/wp\/v2\/users\/1"}],"replies":[{"embeddable":true,"href":"https:\/\/datavernietigingmichel.be\/fr\/wp-json\/wp\/v2\/comments?post=1175"}],"version-history":[{"count":4,"href":"https:\/\/datavernietigingmichel.be\/fr\/wp-json\/wp\/v2\/pages\/1175\/revisions"}],"predecessor-version":[{"id":1268,"href":"https:\/\/datavernietigingmichel.be\/fr\/wp-json\/wp\/v2\/pages\/1175\/revisions\/1268"}],"wp:attachment":[{"href":"https:\/\/datavernietigingmichel.be\/fr\/wp-json\/wp\/v2\/media?parent=1175"}],"curies":[{"name":"wp","href":"https:\/\/api.w.org\/{rel}","templated":true}]}}